{"id":3625,"date":"2023-02-13T11:30:23","date_gmt":"2023-02-13T10:30:23","guid":{"rendered":"https:\/\/ibr.bs.katowice.pl\/?page_id=3625"},"modified":"2023-02-13T13:23:38","modified_gmt":"2023-02-13T12:23:38","slug":"o-czasopismie","status":"publish","type":"page","link":"https:\/\/ibr.bs.katowice.pl\/?page_id=3625","title":{"rendered":"O czasopi\u015bmie"},"content":{"rendered":"\n<p>&#8222;Zaranie \u015al\u0105skie. Seria druga&#8221; wydawane jest przez Instytut Bada\u0144 Regionalnych Biblioteki \u015al\u0105skiej oraz Wydawnictwo Naukowe &#8222;\u015al\u0105sk&#8221;. Czasopismo nawi\u0105zuje do tradycji &#8222;Zarania \u015al\u0105skiego&#8221; wydawanego z przerwami w latach 1907-2000. <\/p>\n\n\n\n<p>&#8222;Zaranie \u015al\u0105skie. Seria druga&#8221; funkcjonuje jako rocznik i ukazuje si\u0119 od 2015 roku. Na jego \u0142amach publikowane s\u0105 artyku\u0142y z zakresu nauk humanistycznych i spo\u0142ecznych zwi\u0105zanych z tematyk\u0105 dotycz\u0105c\u0105 zar\u00f3wno G\u00f3rnego \u015al\u0105ska jak i wojew\u00f3dztwa \u015bl\u0105skiego. Sta\u0142ymi dzia\u0142ami czasopisma s\u0105 studia, miscellanea, recenzje oraz bibliografia, gromadz\u0105ca najnowsze pi\u015bmiennictwo o \u015al\u0105sku.<\/p>\n\n\n\n<p>W&nbsp;2022 roku &#8222;Zaranie \u015al\u0105skie. Seria druga&#8221; przesz\u0142o zmian\u0119 formatu i&nbsp;layoutu &#8211; czasopismo zacz\u0119\u0142o ukazywa\u0107 si\u0119 w wersji elektronicznej (wersja papierowa zosta\u0142a ograniczona do minimum). Zmianie uleg\u0142y r\u00f3wnie\u017c zak\u0142adki na stronie internetowej IBR B\u015a oraz spos\u00f3b prezentacji i dost\u0119p do numer\u00f3w archiwalnych. W kolejnych latach Redakcja skupi si\u0119 na zapewnieniu otwartego dost\u0119pu do kolejnych numer\u00f3w oraz numer\u00f3w archiwalnych, a tak\u017ce zwi\u0119kszeniu cytowa\u0144 tekst\u00f3w.<\/p>\n\n\n\n<p> <\/p>\n","protected":false},"excerpt":{"rendered":"<p>&#8222;Zaranie \u015al\u0105skie. Seria druga&#8221; wydawane jest przez Instytut Bada\u0144 Regionalnych Biblioteki \u015al\u0105skiej oraz Wydawnictwo Naukowe &#8222;\u015al\u0105sk&#8221;. Czasopismo nawi\u0105zuje do tradycji &#8222;Zarania \u015al\u0105skiego&#8221; wydawanego z przerwami w latach 1907-2000. &#8222;Zaranie \u015al\u0105skie. Seria druga&#8221; funkcjonuje jako rocznik i ukazuje si\u0119 od 2015 roku. Na jego \u0142amach publikowane s\u0105 artyku\u0142y z zakresu nauk humanistycznych i spo\u0142ecznych zwi\u0105zanych z<\/p>\n<div class=\"read-more-wrapper\"><a class=\"read-more\" href=\"https:\/\/ibr.bs.katowice.pl\/?page_id=3625\" title=\"Read More\"> <span class=\"button \">Read More<\/span><\/a><\/div>\n","protected":false},"author":2,"featured_media":0,"parent":0,"menu_order":0,"comment_status":"closed","ping_status":"closed","template":"","meta":{"footnotes":""},"class_list":["post-3625","page","type-page","status-publish","hentry"],"_links":{"self":[{"href":"https:\/\/ibr.bs.katowice.pl\/index.php?rest_route=\/wp\/v2\/pages\/3625","targetHints":{"allow":["GET"]}}],"collection":[{"href":"https:\/\/ibr.bs.katowice.pl\/index.php?rest_route=\/wp\/v2\/pages"}],"about":[{"href":"https:\/\/ibr.bs.katowice.pl\/index.php?rest_route=\/wp\/v2\/types\/page"}],"author":[{"embeddable":true,"href":"https:\/\/ibr.bs.katowice.pl\/index.php?rest_route=\/wp\/v2\/users\/2"}],"replies":[{"embeddable":true,"href":"https:\/\/ibr.bs.katowice.pl\/index.php?rest_route=%2Fwp%2Fv2%2Fcomments&post=3625"}],"version-history":[{"count":4,"href":"https:\/\/ibr.bs.katowice.pl\/index.php?rest_route=\/wp\/v2\/pages\/3625\/revisions"}],"predecessor-version":[{"id":3656,"href":"https:\/\/ibr.bs.katowice.pl\/index.php?rest_route=\/wp\/v2\/pages\/3625\/revisions\/3656"}],"wp:attachment":[{"href":"https:\/\/ibr.bs.katowice.pl\/index.php?rest_route=%2Fwp%2Fv2%2Fmedia&parent=3625"}],"curies":[{"name":"wp","href":"https:\/\/api.w.org\/{rel}","templated":true}]}}