{"id":3617,"date":"2023-02-13T10:34:22","date_gmt":"2023-02-13T09:34:22","guid":{"rendered":"https:\/\/ibr.bs.katowice.pl\/?page_id=3617"},"modified":"2023-02-13T10:52:05","modified_gmt":"2023-02-13T09:52:05","slug":"przyjmowanie-tekstow","status":"publish","type":"page","link":"https:\/\/ibr.bs.katowice.pl\/?page_id=3617","title":{"rendered":"Przyjmowanie tekst\u00f3w"},"content":{"rendered":"\n<ul class=\"wp-block-list\"><li>&#8222;Zaranie \u015al\u0105skie. Seria druga&#8221; przyjmuje do druku niepublikowane wcze\u015bniej artyku\u0142y, materia\u0142y \u017ar\u00f3d\u0142owe oraz\u00a0recenzje. Teksty mo\u017cna\u00a0przesy\u0142a\u0107 w\u00a0trybie ci\u0105g\u0142ym na\u00a0adres mailowy: krystian.wegrzynek@bs.katowice.pl. Je\u015bli autorom zale\u017cy na publikacji w danym roku kalendarzowym tekst nale\u017cy przes\u0142a\u0107 do 30 sierpnia. Teksty powinny by\u0107 zredagowane zgodnie z przyj\u0119tymi dla czasopisma zasadami (zobacz zak\u0142adk\u0119: Jak redagowa\u0107 tekst?)<\/li><li>Redakcja wybiera materia\u0142y do numeru i przesy\u0142a je do oceny dw\u00f3m recenzentom. Autorzy informowani s\u0105\u00a0o statusie tekstu: przyj\u0119ty, skierowany do recenzji, wymaga poprawek recenzyjnych, skierowany do druku.<\/li><li>Tekst po recenzji wraz z uwagami recenzenta kierowany jest do autor\u00f3w, kt\u00f3rzy maj\u0105 mo\u017cliwo\u015b\u0107 odniesienie si\u0119 do nich i wprowadzenia zmian.<\/li><li>Teksty po recenzji przechodz\u0105 korekt\u0119 j\u0119zykow\u0105, co wi\u0105\u017ce si\u0119 z wprowadzeniem zmian stylistycznych, interpunkcyjnych oraz przeredagowania przypis\u00f3w zgodnie z przyj\u0119t\u0105 norm\u0105. <\/li><li>Przyj\u0119cie tekstu do\u00a0druku oznacza zgod\u0119 Autora na\u00a0jego publikacj\u0119. Autor sk\u0142ada o\u015bwiadczenie pisemne, \u017ce\u00a0utw\u00f3r jest dzie\u0142em oryginalnym i\u00a0nie\u00a0zosta\u0142y naruszone prawa autorskie innych os\u00f3b (o\u015bwiadczenie autorskie) oraz\u00a0podpisuje umow\u0119 licencyjn\u0105.<\/li><\/ul>\n","protected":false},"excerpt":{"rendered":"<p>&#8222;Zaranie \u015al\u0105skie. Seria druga&#8221; przyjmuje do druku niepublikowane wcze\u015bniej artyku\u0142y, materia\u0142y \u017ar\u00f3d\u0142owe oraz\u00a0recenzje. Teksty mo\u017cna\u00a0przesy\u0142a\u0107 w\u00a0trybie ci\u0105g\u0142ym na\u00a0adres mailowy: krystian.wegrzynek@bs.katowice.pl. Je\u015bli autorom zale\u017cy na publikacji w danym roku kalendarzowym tekst nale\u017cy przes\u0142a\u0107 do 30 sierpnia. Teksty powinny by\u0107 zredagowane zgodnie z przyj\u0119tymi dla czasopisma zasadami (zobacz zak\u0142adk\u0119: Jak redagowa\u0107 tekst?) Redakcja wybiera materia\u0142y do numeru<\/p>\n<div class=\"read-more-wrapper\"><a class=\"read-more\" href=\"https:\/\/ibr.bs.katowice.pl\/?page_id=3617\" title=\"Read More\"> <span class=\"button \">Read More<\/span><\/a><\/div>\n","protected":false},"author":2,"featured_media":0,"parent":0,"menu_order":0,"comment_status":"closed","ping_status":"closed","template":"","meta":{"footnotes":""},"class_list":["post-3617","page","type-page","status-publish","hentry"],"_links":{"self":[{"href":"https:\/\/ibr.bs.katowice.pl\/index.php?rest_route=\/wp\/v2\/pages\/3617","targetHints":{"allow":["GET"]}}],"collection":[{"href":"https:\/\/ibr.bs.katowice.pl\/index.php?rest_route=\/wp\/v2\/pages"}],"about":[{"href":"https:\/\/ibr.bs.katowice.pl\/index.php?rest_route=\/wp\/v2\/types\/page"}],"author":[{"embeddable":true,"href":"https:\/\/ibr.bs.katowice.pl\/index.php?rest_route=\/wp\/v2\/users\/2"}],"replies":[{"embeddable":true,"href":"https:\/\/ibr.bs.katowice.pl\/index.php?rest_route=%2Fwp%2Fv2%2Fcomments&post=3617"}],"version-history":[{"count":2,"href":"https:\/\/ibr.bs.katowice.pl\/index.php?rest_route=\/wp\/v2\/pages\/3617\/revisions"}],"predecessor-version":[{"id":3621,"href":"https:\/\/ibr.bs.katowice.pl\/index.php?rest_route=\/wp\/v2\/pages\/3617\/revisions\/3621"}],"wp:attachment":[{"href":"https:\/\/ibr.bs.katowice.pl\/index.php?rest_route=%2Fwp%2Fv2%2Fmedia&parent=3617"}],"curies":[{"name":"wp","href":"https:\/\/api.w.org\/{rel}","templated":true}]}}