{"id":3610,"date":"2023-02-13T10:18:43","date_gmt":"2023-02-13T09:18:43","guid":{"rendered":"https:\/\/ibr.bs.katowice.pl\/?page_id=3610"},"modified":"2024-07-25T10:05:55","modified_gmt":"2024-07-25T08:05:55","slug":"dane-do-kontaktu","status":"publish","type":"page","link":"https:\/\/ibr.bs.katowice.pl\/?page_id=3610","title":{"rendered":"Dane do kontaktu"},"content":{"rendered":"\n<p><\/p>\n\n\n\n<p class=\"has-text-align-center\"><strong>WYDAWCY<\/strong><\/p>\n\n\n\n<p class=\"has-text-align-center\"><a href=\"https:\/\/www.slaskwn.com.pl\/kontakt\">\u015al\u0105sk Sp. z o.o. Wydawnictwo Naukowe<\/a> (od 2011) <\/p>\n\n\n\n<p class=\"has-text-align-center\"><a href=\"https:\/\/bs.katowice.pl\/kontakt\/\">Biblioteka \u015al\u0105ska<\/a> (od 2023)<\/p>\n\n\n\n<p class=\"has-text-align-center\"><strong>KONTAKT<\/strong><\/p>\n\n\n\n<p class=\"has-text-align-center\">Instytut Bada\u0144 Regionalnych Biblioteki \u015al\u0105skiej<br>ul. Ligonia 7, 40-036 Katowice<br>tel. 32 251 98 51 wew. 305<br>e-mail: krystian.wegrzynek@bs.katowice.pl<br>ibr@bs.katowice.pl<\/p>\n","protected":false},"excerpt":{"rendered":"<p>WYDAWCY \u015al\u0105sk Sp. z o.o. Wydawnictwo Naukowe (od 2011) Biblioteka \u015al\u0105ska (od 2023) KONTAKT Instytut Bada\u0144 Regionalnych Biblioteki \u015al\u0105skiejul. Ligonia 7, 40-036 Katowicetel. 32 251 98 51 wew. 305e-mail: krystian.wegrzynek@bs.katowice.plibr@bs.katowice.pl<\/p>\n<div class=\"read-more-wrapper\"><a class=\"read-more\" href=\"https:\/\/ibr.bs.katowice.pl\/?page_id=3610\" title=\"Read More\"> <span class=\"button \">Read More<\/span><\/a><\/div>\n","protected":false},"author":2,"featured_media":0,"parent":0,"menu_order":0,"comment_status":"closed","ping_status":"closed","template":"","meta":{"footnotes":""},"class_list":["post-3610","page","type-page","status-publish","hentry"],"_links":{"self":[{"href":"https:\/\/ibr.bs.katowice.pl\/index.php?rest_route=\/wp\/v2\/pages\/3610","targetHints":{"allow":["GET"]}}],"collection":[{"href":"https:\/\/ibr.bs.katowice.pl\/index.php?rest_route=\/wp\/v2\/pages"}],"about":[{"href":"https:\/\/ibr.bs.katowice.pl\/index.php?rest_route=\/wp\/v2\/types\/page"}],"author":[{"embeddable":true,"href":"https:\/\/ibr.bs.katowice.pl\/index.php?rest_route=\/wp\/v2\/users\/2"}],"replies":[{"embeddable":true,"href":"https:\/\/ibr.bs.katowice.pl\/index.php?rest_route=%2Fwp%2Fv2%2Fcomments&post=3610"}],"version-history":[{"count":4,"href":"https:\/\/ibr.bs.katowice.pl\/index.php?rest_route=\/wp\/v2\/pages\/3610\/revisions"}],"predecessor-version":[{"id":3950,"href":"https:\/\/ibr.bs.katowice.pl\/index.php?rest_route=\/wp\/v2\/pages\/3610\/revisions\/3950"}],"wp:attachment":[{"href":"https:\/\/ibr.bs.katowice.pl\/index.php?rest_route=%2Fwp%2Fv2%2Fmedia&parent=3610"}],"curies":[{"name":"wp","href":"https:\/\/api.w.org\/{rel}","templated":true}]}}