{"id":3175,"date":"2022-04-11T05:21:45","date_gmt":"2022-04-11T05:21:45","guid":{"rendered":"https:\/\/ibr.bs.katowice.pl\/?page_id=3175"},"modified":"2022-04-11T05:30:48","modified_gmt":"2022-04-11T05:30:48","slug":"poznajmy-slaskie","status":"publish","type":"page","link":"https:\/\/ibr.bs.katowice.pl\/?page_id=3175","title":{"rendered":"PoznajMY \u015aL\u0104SKIE"},"content":{"rendered":"\n<p>\u201ePoznajMY \u015aL\u0104SKIE 1922-1939\u201d jest projektem edukacyjnym, realizowanym w ramach programu Dotacyjnego \u201cNiepodleg\u0142a\u201d 2022. Poprzez zestaw lekcji po\u015bwi\u0119conych r\u00f3\u017cnym elementom \u017cycia codziennego w okresie mi\u0119dzywojennym oraz odpowiadaj\u0105cym im grom terenowym chcemy zainspirowa\u0107 \u015brodowisko lokalne do poznawania historii mi\u0119dzywojennego wojew\u00f3dztwa \u015bl\u0105skiego jako cz\u0119\u015bci dziej\u00f3w II Rzeczypospolitej. Stworzone materia\u0142y b\u0119d\u0105 podstaw\u0105 konkursu organizowanego dla szk\u00f3\u0142. Dzi\u0119ki Platformie Edukacji Regionalnej Edu\u015b, materia\u0142y z projektu b\u0119d\u0105 stale dost\u0119pne dla wszystkich odbiorc\u00f3w.<\/p>\n\n\n\n<p>Rozszerzaj\u0105c najbardziej popularn\u0105 tematyk\u0119 na Platformie Edu\u015b (Powstania \u015al\u0105skie i Wojew\u00f3dztwo \u015al\u0105skie 1922-1939) chcemy przybli\u017cy\u0107 realia \u017cycia codziennego mieszka\u0144c\u00f3w w wojew\u00f3dztwie \u015bl\u0105skim w II RP. Na platformie Edu\u015b znajduje si\u0119 lekcja zatytu\u0142owana &#8222;Wojew\u00f3dztwo \u015al\u0105skie 1922-1939&#8221;, jednak ma ona charakter og\u00f3lny i prezentuje g\u0142\u00f3wnie informacje zwi\u0105zane z funkcjonowaniem administracyjnym: powstanie wojew\u00f3dztwa \u015bl\u0105skiego, kszta\u0142towanie si\u0119 jego organ\u00f3w w\u0142adzy oraz stosunki narodowo\u015bciowe. St\u0105d pomys\u0142, aby wychodz\u0105c od roku 1922 rozszerzy\u0107 spojrzenie na wojew\u00f3dztwo o elementy zazwyczaj pomijane przy opisie wydarze\u0144 polityczno-ustrojowych.&nbsp; W\u0142\u0105czone do Polski wojew\u00f3dztwo \u015bl\u0105skie intensywnie rozwija\u0142o si\u0119 na wielu p\u0142aszczyznach, ale i stanowi\u0142o si\u0142\u0119 nap\u0119dow\u0105 rozwoju ca\u0142ego kraju. Tym samym wytypowane zosta\u0142y trzy p\u0142aszczyzny, w ramach kt\u00f3rych zrealizowane zostan\u0105 lekcje: historyczna \u2013 z akcentem na histori\u0119 spo\u0142eczn\u0105 i gospodarcz\u0105, historyczno-kulturowa i historyczno-przyrodnicza. Przybli\u017cenia tych p\u0142aszczyzn chcemy zrealizowa\u0107 poprzez nast\u0119puj\u0105ce dzia\u0142ania:<\/p>\n\n\n\n<p>a. stworzenie wyj\u015bciowego materia\u0142u merytorycznego w postaci: trzech nowych lekcji oraz zaprojektowanie trzech skorelowanych z tematami lekcji gier terenowych (wykorzystuj\u0105cych elementy questingu i geocachingu), kt\u00f3re pozwalaj\u0105 pozna\u0107 wytypowane przez nas zagadnienia w spos\u00f3b aktywny. <\/p>\n\n\n\n<ul class=\"wp-block-list\"><li>\u017bycie codzienne w wojew\u00f3dztwie \u015bl\u0105skim w II Rzeczypospolitej<\/li><li>\u017bycie kulturalne w wojew\u00f3dztwie \u015bl\u0105skim na tle II Rzeczypospolitej\u00a0<\/li><li>Beskidzkie szlaki&#8230; Turystyka g\u00f3rska w wojew\u00f3dztwie \u015bl\u0105skim w II RP<\/li><\/ul>\n\n\n\n<p>b. warsztaty \u2013 stworzone przez IBR B\u015a lekcje i gry terenowe maj\u0105 stanowi\u0107 wzorzec oraz form\u0119 inspiracji w konkursie organizowanym dla nauczycieli i uczni\u00f3w. Na warsztatach dla nauczycieli regionalist\u00f3w poka\u017cemy, w jaki spos\u00f3b mo\u017cna wykorzystywa\u0107 i pracowa\u0107 na lekcjach z proponowanymi tematami, po jakie narz\u0119dzia mo\u017cna si\u0119gn\u0105\u0107 w edukacji regionalnej przy tworzeniu lekcji lokalnych oraz jak zach\u0119ci\u0107 i w\u0142\u0105czy\u0107 uczni\u00f3w w aktywne poznawanie mikrohistorii. <\/p>\n\n\n\n<p>Termin: czerwiec (mi\u0119dzy 7 a 14), wrzesie\u0144 (mi\u0119dzy 12 a 18) &#8211; warsztaty dost\u0119pne b\u0119d\u0105 w formie zdalnej.<\/p>\n\n\n\n<p>Deklaracja uczestnictwa w warsztatach:\u00a0<\/p>\n\n\n\n<ul class=\"wp-block-list\"><li>I cz\u0119\u015b\u0107 &#8211; zg\u0142oszenia do <strong>6 czerwca<\/strong><\/li><li>II cz\u0119\u015b\u0107 &#8211; zg\u0142oszenia do <strong>11 czerwca<\/strong><\/li><\/ul>\n\n\n\n<p>c. konkurs \u2013 ma na celu zaktywizowanie nauczycieli i uczni\u00f3w tak, aby b\u0119d\u0105c odbiorcami stworzonych i udost\u0119pnionych w ramach projektu materia\u0142\u00f3w, stali si\u0119 jednocze\u015bnie tw\u00f3rcami nowych tre\u015bci, kt\u00f3re po redakcji\u00a0 i udost\u0119pnieniu na Platformie Edu\u015b b\u0119d\u0105 stale wykorzystywane w ramach edukacji. Za\u0142o\u017ceniem wnioskodawcy jest, \u017ce nauczyciele mog\u0105 zg\u0142osi\u0107 w konkursie lekcj\u0119, kt\u00f3ra nawi\u0105zuje na poziomie lokalnym do jednego z trzech og\u00f3lnych zaproponowanych przez nas temat\u00f3w. Z kolei uczniowie, pracuj\u0105c pod opiek\u0105 nauczycieli, b\u0119d\u0105 mogli zg\u0142osi\u0107 autorsk\u0105 gr\u0119 terenow\u0105, w kt\u00f3ra b\u0119d\u0105 zach\u0119cani do wykorzystania element\u00f3w questingu i geocachingu.<\/p>\n\n\n\n<ul class=\"wp-block-list\"><li>deklaracja udzia\u0142u w konkursie do 6 czerwca<\/li><li>zg\u0142oszenia do konkursu do <strong>21 wrze\u015bnia<\/strong><\/li><li>przes\u0142anie prac konkursowych do 10 pa\u017adziernika<\/li><li>og\u0142oszenie wynik\u00f3w 27 pa\u017adziernika<\/li><\/ul>\n\n\n\n<p><\/p>\n","protected":false},"excerpt":{"rendered":"<p>\u201ePoznajMY \u015aL\u0104SKIE 1922-1939\u201d jest projektem edukacyjnym, realizowanym w ramach programu Dotacyjnego \u201cNiepodleg\u0142a\u201d 2022. Poprzez zestaw lekcji po\u015bwi\u0119conych r\u00f3\u017cnym elementom \u017cycia codziennego w okresie mi\u0119dzywojennym oraz odpowiadaj\u0105cym im grom terenowym chcemy zainspirowa\u0107 \u015brodowisko lokalne do poznawania historii mi\u0119dzywojennego wojew\u00f3dztwa \u015bl\u0105skiego jako cz\u0119\u015bci dziej\u00f3w II Rzeczypospolitej. Stworzone materia\u0142y b\u0119d\u0105 podstaw\u0105 konkursu organizowanego dla szk\u00f3\u0142. Dzi\u0119ki Platformie Edukacji<\/p>\n<div class=\"read-more-wrapper\"><a class=\"read-more\" href=\"https:\/\/ibr.bs.katowice.pl\/?page_id=3175\" title=\"Read More\"> <span class=\"button \">Read More<\/span><\/a><\/div>\n","protected":false},"author":2,"featured_media":0,"parent":0,"menu_order":0,"comment_status":"closed","ping_status":"closed","template":"","meta":{"footnotes":""},"class_list":["post-3175","page","type-page","status-publish","hentry"],"_links":{"self":[{"href":"https:\/\/ibr.bs.katowice.pl\/index.php?rest_route=\/wp\/v2\/pages\/3175","targetHints":{"allow":["GET"]}}],"collection":[{"href":"https:\/\/ibr.bs.katowice.pl\/index.php?rest_route=\/wp\/v2\/pages"}],"about":[{"href":"https:\/\/ibr.bs.katowice.pl\/index.php?rest_route=\/wp\/v2\/types\/page"}],"author":[{"embeddable":true,"href":"https:\/\/ibr.bs.katowice.pl\/index.php?rest_route=\/wp\/v2\/users\/2"}],"replies":[{"embeddable":true,"href":"https:\/\/ibr.bs.katowice.pl\/index.php?rest_route=%2Fwp%2Fv2%2Fcomments&post=3175"}],"version-history":[{"count":0,"href":"https:\/\/ibr.bs.katowice.pl\/index.php?rest_route=\/wp\/v2\/pages\/3175\/revisions"}],"wp:attachment":[{"href":"https:\/\/ibr.bs.katowice.pl\/index.php?rest_route=%2Fwp%2Fv2%2Fmedia&parent=3175"}],"curies":[{"name":"wp","href":"https:\/\/api.w.org\/{rel}","templated":true}]}}