{"id":2450,"date":"2019-01-10T10:05:21","date_gmt":"2019-01-10T10:05:21","guid":{"rendered":"http:\/\/ibr.bs.katowice.pl\/?page_id=2450"},"modified":"2019-01-10T10:21:05","modified_gmt":"2019-01-10T10:21:05","slug":"partnerzy","status":"publish","type":"page","link":"https:\/\/ibr.bs.katowice.pl\/?page_id=2450","title":{"rendered":"Partnerzy"},"content":{"rendered":"\n<ul class=\"wp-block-gallery columns-1 is-cropped wp-block-gallery-1 is-layout-flex wp-block-gallery-is-layout-flex\"><li class=\"blocks-gallery-item\"><figure><img loading=\"lazy\" decoding=\"async\" width=\"1024\" height=\"341\" src=\"https:\/\/ibr.bs.katowice.pl\/wp-content\/uploads\/2019\/01\/us-z-nazwa__kolor-1024x341.png\" alt=\"\" data-id=\"2502\" class=\"wp-image-2502\" srcset=\"https:\/\/ibr.bs.katowice.pl\/wp-content\/uploads\/2019\/01\/us-z-nazwa__kolor-1024x341.png 1024w, https:\/\/ibr.bs.katowice.pl\/wp-content\/uploads\/2019\/01\/us-z-nazwa__kolor-300x100.png 300w, https:\/\/ibr.bs.katowice.pl\/wp-content\/uploads\/2019\/01\/us-z-nazwa__kolor-768x256.png 768w, https:\/\/ibr.bs.katowice.pl\/wp-content\/uploads\/2019\/01\/us-z-nazwa__kolor-520x173.png 520w, https:\/\/ibr.bs.katowice.pl\/wp-content\/uploads\/2019\/01\/us-z-nazwa__kolor-740x247.png 740w\" sizes=\"auto, (max-width: 1024px) 100vw, 1024px\" \/><figcaption><a href=\"https:\/\/www.us.edu.pl\/\">Uniwersytet \u015al\u0105ski w Katowicach<\/a><\/figcaption><\/figure><\/li><\/ul>\n\n\n\n<ul class=\"wp-block-gallery columns-2 is-cropped wp-block-gallery-2 is-layout-flex wp-block-gallery-is-layout-flex\"><li class=\"blocks-gallery-item\"><figure><img loading=\"lazy\" decoding=\"async\" width=\"920\" height=\"1024\" src=\"https:\/\/ibr.bs.katowice.pl\/wp-content\/uploads\/2019\/01\/LogoAP-gif-920x1024.gif\" alt=\"\" data-id=\"2504\" data-link=\"https:\/\/ibr.bs.katowice.pl\/?attachment_id=2504\" class=\"wp-image-2504\" srcset=\"https:\/\/ibr.bs.katowice.pl\/wp-content\/uploads\/2019\/01\/LogoAP-gif-920x1024.gif 920w, https:\/\/ibr.bs.katowice.pl\/wp-content\/uploads\/2019\/01\/LogoAP-gif-270x300.gif 270w, https:\/\/ibr.bs.katowice.pl\/wp-content\/uploads\/2019\/01\/LogoAP-gif-768x855.gif 768w, https:\/\/ibr.bs.katowice.pl\/wp-content\/uploads\/2019\/01\/LogoAP-gif-520x579.gif 520w, https:\/\/ibr.bs.katowice.pl\/wp-content\/uploads\/2019\/01\/LogoAP-gif-740x824.gif 740w\" sizes=\"auto, (max-width: 920px) 100vw, 920px\" \/><figcaption><a href=\"http:\/\/www.katowice.ap.gov.pl\/\">Archiwum\u00a0Pa\u0144stwowe\u00a0w\u00a0Katowicach<\/a><\/figcaption><\/figure><\/li><li class=\"blocks-gallery-item\"><figure><img loading=\"lazy\" decoding=\"async\" width=\"739\" height=\"897\" src=\"https:\/\/ibr.bs.katowice.pl\/wp-content\/uploads\/2019\/01\/AJD.png\" alt=\"\" data-id=\"2509\" data-link=\"https:\/\/ibr.bs.katowice.pl\/?attachment_id=2509\" class=\"wp-image-2509\" srcset=\"https:\/\/ibr.bs.katowice.pl\/wp-content\/uploads\/2019\/01\/AJD.png 739w, https:\/\/ibr.bs.katowice.pl\/wp-content\/uploads\/2019\/01\/AJD-247x300.png 247w, https:\/\/ibr.bs.katowice.pl\/wp-content\/uploads\/2019\/01\/AJD-520x631.png 520w\" sizes=\"auto, (max-width: 739px) 100vw, 739px\" \/><figcaption><a href=\"http:\/\/www.wfh.ajd.czest.pl\/1512,Studencko-Doktoranckie-Kolo-Naukowe-WFH-UJD\">Wydzia\u0142\u00a0Filologiczno-Historyczny Uniwersytetu im. Jana D\u0142ugosza\u00a0<\/a><\/figcaption><\/figure><\/li><\/ul>\n\n\n\n<ul class=\"wp-block-gallery columns-1 is-cropped wp-block-gallery-3 is-layout-flex wp-block-gallery-is-layout-flex\"><li class=\"blocks-gallery-item\"><figure><img decoding=\"async\" src=\"\" alt=\"\"\/><\/figure><\/li><\/ul>\n\n\n\n<ul class=\"wp-block-gallery columns-2 is-cropped wp-block-gallery-4 is-layout-flex wp-block-gallery-is-layout-flex\"><li class=\"blocks-gallery-item\"><figure><img loading=\"lazy\" decoding=\"async\" width=\"308\" height=\"201\" src=\"https:\/\/ibr.bs.katowice.pl\/wp-content\/uploads\/2019\/01\/logo-fbc.png\" alt=\"\" data-id=\"2503\" data-link=\"https:\/\/ibr.bs.katowice.pl\/?attachment_id=2503\" class=\"wp-image-2503\" srcset=\"https:\/\/ibr.bs.katowice.pl\/wp-content\/uploads\/2019\/01\/logo-fbc.png 308w, https:\/\/ibr.bs.katowice.pl\/wp-content\/uploads\/2019\/01\/logo-fbc-300x196.png 300w\" sizes=\"auto, (max-width: 308px) 100vw, 308px\" \/><figcaption><a href=\"https:\/\/fbc.pionier.net.pl\/\">Federacja Bibliotek Cyfrowych<\/a><\/figcaption><\/figure><\/li><li class=\"blocks-gallery-item\"><figure><img loading=\"lazy\" decoding=\"async\" width=\"600\" height=\"361\" src=\"https:\/\/ibr.bs.katowice.pl\/wp-content\/uploads\/2019\/01\/mhk.jpg\" alt=\"\" data-id=\"2519\" data-link=\"https:\/\/ibr.bs.katowice.pl\/?attachment_id=2519\" class=\"wp-image-2519\" srcset=\"https:\/\/ibr.bs.katowice.pl\/wp-content\/uploads\/2019\/01\/mhk.jpg 600w, https:\/\/ibr.bs.katowice.pl\/wp-content\/uploads\/2019\/01\/mhk-300x181.jpg 300w, https:\/\/ibr.bs.katowice.pl\/wp-content\/uploads\/2019\/01\/mhk-520x313.jpg 520w\" sizes=\"auto, (max-width: 600px) 100vw, 600px\" \/><figcaption><a href=\"https:\/\/www.mhk.katowice.pl\/\">Muzeum Historii Katowic<\/a><\/figcaption><\/figure><\/li><\/ul>\n\n\n\n<ul class=\"wp-block-gallery columns-2 is-cropped wp-block-gallery-5 is-layout-flex wp-block-gallery-is-layout-flex\"><li class=\"blocks-gallery-item\"><figure><img loading=\"lazy\" decoding=\"async\" width=\"466\" height=\"235\" src=\"https:\/\/ibr.bs.katowice.pl\/wp-content\/uploads\/2012\/11\/1_logo_mmj_zielone_rgb.jpg\" alt=\"\" data-id=\"635\" data-link=\"https:\/\/ibr.bs.katowice.pl\/?attachment_id=635\" class=\"wp-image-635\" srcset=\"https:\/\/ibr.bs.katowice.pl\/wp-content\/uploads\/2012\/11\/1_logo_mmj_zielone_rgb.jpg 466w, https:\/\/ibr.bs.katowice.pl\/wp-content\/uploads\/2012\/11\/1_logo_mmj_zielone_rgb-300x151.jpg 300w\" sizes=\"auto, (max-width: 466px) 100vw, 466px\" \/><figcaption><a href=\"http:\/\/www.muzeum.jaw.pl\/mmj\/\">Muzeum Miasta Jaworzna<\/a><\/figcaption><\/figure><\/li><li class=\"blocks-gallery-item\"><figure><img loading=\"lazy\" decoding=\"async\" width=\"842\" height=\"531\" src=\"https:\/\/ibr.bs.katowice.pl\/wp-content\/uploads\/2019\/01\/logoRIK.png\" alt=\"\" data-id=\"2516\" data-link=\"https:\/\/ibr.bs.katowice.pl\/?attachment_id=2516\" class=\"wp-image-2516\" srcset=\"https:\/\/ibr.bs.katowice.pl\/wp-content\/uploads\/2019\/01\/logoRIK.png 842w, https:\/\/ibr.bs.katowice.pl\/wp-content\/uploads\/2019\/01\/logoRIK-300x189.png 300w, https:\/\/ibr.bs.katowice.pl\/wp-content\/uploads\/2019\/01\/logoRIK-768x484.png 768w, https:\/\/ibr.bs.katowice.pl\/wp-content\/uploads\/2019\/01\/logoRIK-520x328.png 520w, https:\/\/ibr.bs.katowice.pl\/wp-content\/uploads\/2019\/01\/logoRIK-740x467.png 740w\" sizes=\"auto, (max-width: 842px) 100vw, 842px\" \/><figcaption><a href=\"http:\/\/www.rok.katowice.pl\/ROK\/\">Regionalny Instytut Kultury<\/a><\/figcaption><\/figure><\/li><\/ul>\n\n\n\n<ul class=\"wp-block-gallery columns-3 is-cropped wp-block-gallery-6 is-layout-flex wp-block-gallery-is-layout-flex\"><li class=\"blocks-gallery-item\"><figure><img loading=\"lazy\" decoding=\"async\" width=\"1000\" height=\"1000\" src=\"https:\/\/ibr.bs.katowice.pl\/wp-content\/uploads\/2012\/05\/Logo-Stowarzyszenia.png\" alt=\"\" data-id=\"801\" data-link=\"https:\/\/ibr.bs.katowice.pl\/?attachment_id=801\" class=\"wp-image-801\" srcset=\"https:\/\/ibr.bs.katowice.pl\/wp-content\/uploads\/2012\/05\/Logo-Stowarzyszenia.png 1000w, https:\/\/ibr.bs.katowice.pl\/wp-content\/uploads\/2012\/05\/Logo-Stowarzyszenia-150x150.png 150w, https:\/\/ibr.bs.katowice.pl\/wp-content\/uploads\/2012\/05\/Logo-Stowarzyszenia-300x300.png 300w, https:\/\/ibr.bs.katowice.pl\/wp-content\/uploads\/2012\/05\/Logo-Stowarzyszenia-600x600.png 600w\" sizes=\"auto, (max-width: 1000px) 100vw, 1000px\" \/><figcaption><a href=\"http:\/\/www.europa-slask.us.edu.pl\/articles.php?article_id=16\">Europa \u015al\u0105sk \u015awiat Najmniejszy<\/a><\/figcaption><\/figure><\/li><li class=\"blocks-gallery-item\"><figure><img loading=\"lazy\" decoding=\"async\" width=\"318\" height=\"318\" src=\"https:\/\/ibr.bs.katowice.pl\/wp-content\/uploads\/2019\/01\/csm_57603___gei_logo_13_e593c6b1d4-1.jpg\" alt=\"\" data-id=\"2518\" data-link=\"https:\/\/ibr.bs.katowice.pl\/?attachment_id=2518\" class=\"wp-image-2518\" srcset=\"https:\/\/ibr.bs.katowice.pl\/wp-content\/uploads\/2019\/01\/csm_57603___gei_logo_13_e593c6b1d4-1.jpg 318w, https:\/\/ibr.bs.katowice.pl\/wp-content\/uploads\/2019\/01\/csm_57603___gei_logo_13_e593c6b1d4-1-150x150.jpg 150w, https:\/\/ibr.bs.katowice.pl\/wp-content\/uploads\/2019\/01\/csm_57603___gei_logo_13_e593c6b1d4-1-300x300.jpg 300w\" sizes=\"auto, (max-width: 318px) 100vw, 318px\" \/><figcaption><a href=\"http:\/\/www.gei.de\/de\/presse\/bildmaterial-logos\/logo.html\">Georg Eckert Institute<\/a><\/figcaption><\/figure><\/li><li class=\"blocks-gallery-item\"><figure><img loading=\"lazy\" decoding=\"async\" width=\"225\" height=\"225\" src=\"https:\/\/ibr.bs.katowice.pl\/wp-content\/uploads\/2019\/01\/DWPN-1.png\" alt=\"\" data-id=\"2515\" data-link=\"https:\/\/ibr.bs.katowice.pl\/?attachment_id=2515\" class=\"wp-image-2515\" srcset=\"https:\/\/ibr.bs.katowice.pl\/wp-content\/uploads\/2019\/01\/DWPN-1.png 225w, https:\/\/ibr.bs.katowice.pl\/wp-content\/uploads\/2019\/01\/DWPN-1-150x150.png 150w\" sizes=\"auto, (max-width: 225px) 100vw, 225px\" \/><figcaption><a href=\"http:\/\/www.haus.pl\/\">Dom Wsp\u00f3\u0142pracy Polsko-Niemieckiej<\/a><\/figcaption><\/figure><\/li><\/ul>\n\n\n\n<ul class=\"wp-block-gallery columns-2 is-cropped wp-block-gallery-7 is-layout-flex wp-block-gallery-is-layout-flex\"><li class=\"blocks-gallery-item\"><figure><img loading=\"lazy\" decoding=\"async\" width=\"1024\" height=\"549\" src=\"https:\/\/ibr.bs.katowice.pl\/wp-content\/uploads\/2017\/09\/logo-centrum-solidarno\u015bci-1024x549.png\" alt=\"\" data-id=\"2033\" data-link=\"https:\/\/ibr.bs.katowice.pl\/?attachment_id=2033\" class=\"wp-image-2033\" srcset=\"https:\/\/ibr.bs.katowice.pl\/wp-content\/uploads\/2017\/09\/logo-centrum-solidarno\u015bci-1024x549.png 1024w, https:\/\/ibr.bs.katowice.pl\/wp-content\/uploads\/2017\/09\/logo-centrum-solidarno\u015bci-300x161.png 300w, https:\/\/ibr.bs.katowice.pl\/wp-content\/uploads\/2017\/09\/logo-centrum-solidarno\u015bci-768x412.png 768w, https:\/\/ibr.bs.katowice.pl\/wp-content\/uploads\/2017\/09\/logo-centrum-solidarno\u015bci-600x322.png 600w, https:\/\/ibr.bs.katowice.pl\/wp-content\/uploads\/2017\/09\/logo-centrum-solidarno\u015bci.png 1560w\" sizes=\"auto, (max-width: 1024px) 100vw, 1024px\" \/><figcaption><a href=\"http:\/\/scwis.pl\/\">\u015al\u0105skie Centrum Wolno\u015bci i Solidarno\u015bci<\/a><\/figcaption><\/figure><\/li><li class=\"blocks-gallery-item\"><figure><img loading=\"lazy\" decoding=\"async\" width=\"160\" height=\"86\" src=\"https:\/\/ibr.bs.katowice.pl\/wp-content\/uploads\/2012\/10\/Kopia-logo-WOM.gif\" alt=\"\" data-id=\"568\" data-link=\"https:\/\/ibr.bs.katowice.pl\/?attachment_id=568\" class=\"wp-image-568\"\/><figcaption><a href=\"https:\/\/www.womkat.edu.pl\/\">Wojew\u00f3dzki O\u015brodek Metodyczny w Katowicach<\/a><\/figcaption><\/figure><\/li><\/ul>\n\n\n\n<ul class=\"wp-block-gallery columns-1 is-cropped wp-block-gallery-8 is-layout-flex wp-block-gallery-is-layout-flex\"><li class=\"blocks-gallery-item\"><figure><img loading=\"lazy\" decoding=\"async\" width=\"1024\" height=\"361\" src=\"https:\/\/ibr.bs.katowice.pl\/wp-content\/uploads\/2012\/11\/FS_logo8-1024x361.png\" alt=\"\" data-id=\"632\" data-link=\"https:\/\/ibr.bs.katowice.pl\/?attachment_id=632\" class=\"wp-image-632\" srcset=\"https:\/\/ibr.bs.katowice.pl\/wp-content\/uploads\/2012\/11\/FS_logo8-1024x361.png 1024w, https:\/\/ibr.bs.katowice.pl\/wp-content\/uploads\/2012\/11\/FS_logo8-300x106.png 300w, https:\/\/ibr.bs.katowice.pl\/wp-content\/uploads\/2012\/11\/FS_logo8-600x212.png 600w, https:\/\/ibr.bs.katowice.pl\/wp-content\/uploads\/2012\/11\/FS_logo8-500x176.png 500w\" sizes=\"auto, (max-width: 1024px) 100vw, 1024px\" \/><figcaption><a href=\"https:\/\/www.fabrykasilesia.pl\/\">Fabryka Silesia<\/a><\/figcaption><\/figure><\/li><\/ul>\n\n\n\n<ul class=\"wp-block-gallery columns-2 is-cropped wp-block-gallery-9 is-layout-flex wp-block-gallery-is-layout-flex\"><li class=\"blocks-gallery-item\"><figure><img loading=\"lazy\" decoding=\"async\" width=\"774\" height=\"1024\" src=\"https:\/\/ibr.bs.katowice.pl\/wp-content\/uploads\/2016\/03\/logo_CDPGS_PNG_transp-774x1024.png\" alt=\"\" data-id=\"1789\" data-link=\"https:\/\/ibr.bs.katowice.pl\/?attachment_id=1789\" class=\"wp-image-1789\" srcset=\"https:\/\/ibr.bs.katowice.pl\/wp-content\/uploads\/2016\/03\/logo_CDPGS_PNG_transp-774x1024.png 774w, https:\/\/ibr.bs.katowice.pl\/wp-content\/uploads\/2016\/03\/logo_CDPGS_PNG_transp-227x300.png 227w, https:\/\/ibr.bs.katowice.pl\/wp-content\/uploads\/2016\/03\/logo_CDPGS_PNG_transp-768x1016.png 768w, https:\/\/ibr.bs.katowice.pl\/wp-content\/uploads\/2016\/03\/logo_CDPGS_PNG_transp-600x794.png 600w\" sizes=\"auto, (max-width: 774px) 100vw, 774px\" \/><figcaption><a href=\"http:\/\/www.cdpgs.katowice.pl\/\">Centrum Dziedzictwa Przyrody G\u00f3rnego \u015al\u0105ska<\/a><\/figcaption><\/figure><\/li><li class=\"blocks-gallery-item\"><figure><img loading=\"lazy\" decoding=\"async\" width=\"250\" height=\"251\" src=\"https:\/\/ibr.bs.katowice.pl\/wp-content\/uploads\/2012\/10\/zg.jpg\" alt=\"\" data-id=\"565\" data-link=\"https:\/\/ibr.bs.katowice.pl\/?attachment_id=565\" class=\"wp-image-565\" srcset=\"https:\/\/ibr.bs.katowice.pl\/wp-content\/uploads\/2012\/10\/zg.jpg 250w, https:\/\/ibr.bs.katowice.pl\/wp-content\/uploads\/2012\/10\/zg-150x150.jpg 150w\" sizes=\"auto, (max-width: 250px) 100vw, 250px\" \/><figcaption><a href=\"https:\/\/www.zg.org.pl\/\">Zwi\u0105zek G\u00f3rno\u015bl\u0105ski<\/a><\/figcaption><\/figure><\/li><\/ul>\n","protected":false},"excerpt":{"rendered":"<div class=\"read-more-wrapper\"><a class=\"read-more\" href=\"https:\/\/ibr.bs.katowice.pl\/?page_id=2450\" title=\"Read More\"> <span class=\"button \">Read More<\/span><\/a><\/div>\n","protected":false},"author":2,"featured_media":0,"parent":0,"menu_order":0,"comment_status":"closed","ping_status":"closed","template":"","meta":{"footnotes":""},"class_list":["post-2450","page","type-page","status-publish","hentry"],"_links":{"self":[{"href":"https:\/\/ibr.bs.katowice.pl\/index.php?rest_route=\/wp\/v2\/pages\/2450","targetHints":{"allow":["GET"]}}],"collection":[{"href":"https:\/\/ibr.bs.katowice.pl\/index.php?rest_route=\/wp\/v2\/pages"}],"about":[{"href":"https:\/\/ibr.bs.katowice.pl\/index.php?rest_route=\/wp\/v2\/types\/page"}],"author":[{"embeddable":true,"href":"https:\/\/ibr.bs.katowice.pl\/index.php?rest_route=\/wp\/v2\/users\/2"}],"replies":[{"embeddable":true,"href":"https:\/\/ibr.bs.katowice.pl\/index.php?rest_route=%2Fwp%2Fv2%2Fcomments&post=2450"}],"version-history":[{"count":0,"href":"https:\/\/ibr.bs.katowice.pl\/index.php?rest_route=\/wp\/v2\/pages\/2450\/revisions"}],"wp:attachment":[{"href":"https:\/\/ibr.bs.katowice.pl\/index.php?rest_route=%2Fwp%2Fv2%2Fmedia&parent=2450"}],"curies":[{"name":"wp","href":"https:\/\/api.w.org\/{rel}","templated":true}]}}