{"id":2443,"date":"2019-01-09T09:51:03","date_gmt":"2019-01-09T09:51:03","guid":{"rendered":"http:\/\/ibr.bs.katowice.pl\/?page_id=2443"},"modified":"2025-10-16T10:23:52","modified_gmt":"2025-10-16T08:23:52","slug":"kontakt","status":"publish","type":"page","link":"https:\/\/ibr.bs.katowice.pl\/?page_id=2443","title":{"rendered":"Kontakt"},"content":{"rendered":"\n<p class=\"has-text-align-center\"><strong>Instytut Bada\u0144 Regionalnych Biblioteki \u015al\u0105skiej<\/strong><\/p>\n\n\n\n<p class=\"has-text-align-center\">ul. Ligonia 7<br>40-036 Katowice<br>NIP: 954-19-14-963<br>Godziny pracy: poniedzia\u0142ek\u2013pi\u0105tek: 7.00\u201315.00<\/p>\n\n\n<style id=\"wpforms-css-vars-3996\">\n\t\t\t\t#wpforms-3996 {\n\t\t\t\t\n\t\t\t}\n\t\t\t<\/style><!-- WPForms: no fields, form hidden -->\n\n\n\n<figure><iframe loading=\"lazy\" src=\"https:\/\/www.google.com\/maps\/embed?pb=!1m18!1m12!1m3!1d2551.0663654891277!2d19.01608311572425!3d50.25334477944871!2m3!1f0!2f0!3f0!3m2!1i1024!2i768!4f13.1!3m3!1m2!1s0x4716ce4f35f0c845%3A0x9893b3a811eb6a55!2sLigonia+7%2C+Katowice!5e0!3m2!1spl!2spl!4v1527238735414\" allowfullscreen=\"allowfullscreen\" width=\"600\" height=\"450\"><\/iframe><\/figure>\n\n\n\n<p><\/p>\n\n\n\n<p><strong>Z-ca Dyrektora Biblioteki \u015al\u0105skiej ds. Instytutu Bada\u0144 Regionalnych<\/strong><br>Prof. dr hab. Ryszard Kaczmarek<br>e-mail: ryszard.kaczmarek@bs.katowice.pl<br>tel.: (+48) 32 251 98 51 wew. 303<\/p>\n\n\n\n<p><strong>Sekretariat <\/strong>(pok\u00f3j nr 116)<br>Micha\u0142 Garbacz<br>e-mail: michal.garbacz@bs.katowice.pl<br>tel. (+48) 32 251 98 51 wew. 305<\/p>\n\n\n\n<p><strong>Asystent<\/strong> (pok\u00f3j nr 101)<br>Beniamin Czapla<br>e-mail: beniamin.czapla@bs.katowice.pl<br>tel. (+48) 32 251 98 51 wew. 240 <\/p>\n\n\n\n<p><strong>Asystentka<\/strong> (pok\u00f3j nr 117)<br>Anna Kubica  <br>e-mail: anna.kubica@bs.katowice.pl<br>tel. (+48) 32 251 98 51 wew. 304<\/p>\n\n\n\n<p><strong>Asystent<\/strong> (pok\u00f3j nr 103) <br>dr Arkadiusz Kuzio-Podrucki<br>e-mail: arkadiusz.kuzio.podrucki@bs.katowice.pl<br>tel. (+48) 32 251 98 51 wew. 305   <\/p>\n\n\n\n<p><strong>Asystent<\/strong> (pok\u00f3j nr 102) <br>dr Janusz Mokrosz<br>e-mail: janusz.mokrosz@bs.katowice.pl<br>tel. (+48) 32 251 98 51 wew. 240   <\/p>\n\n\n\n<p><strong>Asystentka <\/strong>(pok\u00f3j nr 101) <strong>&nbsp; &nbsp;&nbsp; &nbsp; &nbsp; &nbsp;<\/strong><br>Julia Rott-Urba\u0144ska<br>e-mail: julia.rott-urbanska@bs.katowice.pl<br>tel. (+48) 32 251 98 51 wew. 240 <\/p>\n\n\n\n<p><strong>Asystent<\/strong> (pok\u00f3j nr 103) <br>dr Krystian W\u0119grzynek<br>e-mail: krystian.wegrzynek@bs.katowice.pl<br>tel. (+48) 32 251 98 51 wew. 305    <\/p>\n","protected":false},"excerpt":{"rendered":"<p>Instytut Bada\u0144 Regionalnych Biblioteki \u015al\u0105skiej ul. Ligonia 740-036 KatowiceNIP: 954-19-14-963Godziny pracy: poniedzia\u0142ek\u2013pi\u0105tek: 7.00\u201315.00 Z-ca Dyrektora Biblioteki \u015al\u0105skiej ds. Instytutu Bada\u0144 RegionalnychProf. dr hab. Ryszard Kaczmareke-mail: ryszard.kaczmarek@bs.katowice.pltel.: (+48) 32 251 98 51 wew. 303 Sekretariat (pok\u00f3j nr 116)Micha\u0142 Garbacze-mail: michal.garbacz@bs.katowice.pltel. (+48) 32 251 98 51 wew. 305 Asystent (pok\u00f3j nr 101)Beniamin Czaplae-mail: beniamin.czapla@bs.katowice.pltel. (+48) 32 251<\/p>\n<div class=\"read-more-wrapper\"><a class=\"read-more\" href=\"https:\/\/ibr.bs.katowice.pl\/?page_id=2443\" title=\"Read More\"> <span class=\"button \">Read More<\/span><\/a><\/div>\n","protected":false},"author":2,"featured_media":0,"parent":0,"menu_order":0,"comment_status":"closed","ping_status":"closed","template":"","meta":{"footnotes":""},"class_list":["post-2443","page","type-page","status-publish","hentry"],"_links":{"self":[{"href":"https:\/\/ibr.bs.katowice.pl\/index.php?rest_route=\/wp\/v2\/pages\/2443","targetHints":{"allow":["GET"]}}],"collection":[{"href":"https:\/\/ibr.bs.katowice.pl\/index.php?rest_route=\/wp\/v2\/pages"}],"about":[{"href":"https:\/\/ibr.bs.katowice.pl\/index.php?rest_route=\/wp\/v2\/types\/page"}],"author":[{"embeddable":true,"href":"https:\/\/ibr.bs.katowice.pl\/index.php?rest_route=\/wp\/v2\/users\/2"}],"replies":[{"embeddable":true,"href":"https:\/\/ibr.bs.katowice.pl\/index.php?rest_route=%2Fwp%2Fv2%2Fcomments&post=2443"}],"version-history":[{"count":8,"href":"https:\/\/ibr.bs.katowice.pl\/index.php?rest_route=\/wp\/v2\/pages\/2443\/revisions"}],"predecessor-version":[{"id":4122,"href":"https:\/\/ibr.bs.katowice.pl\/index.php?rest_route=\/wp\/v2\/pages\/2443\/revisions\/4122"}],"wp:attachment":[{"href":"https:\/\/ibr.bs.katowice.pl\/index.php?rest_route=%2Fwp%2Fv2%2Fmedia&parent=2443"}],"curies":[{"name":"wp","href":"https:\/\/api.w.org\/{rel}","templated":true}]}}