{"id":2260,"date":"2018-02-13T09:13:21","date_gmt":"2018-02-13T09:13:21","guid":{"rendered":"http:\/\/ibr.bs.katowice.pl\/?page_id=2260"},"modified":"2022-02-01T08:57:46","modified_gmt":"2022-02-01T08:57:46","slug":"dotychczasowe-numery","status":"publish","type":"page","link":"https:\/\/ibr.bs.katowice.pl\/?page_id=2260","title":{"rendered":"Dotychczasowe numery"},"content":{"rendered":"<p><img loading=\"lazy\" decoding=\"async\" class=\"size-medium wp-image-2261 alignnone\" src=\"https:\/\/ibr.bs.katowice.pl\/wp-content\/uploads\/2018\/02\/mini-204x300.jpg\" alt=\"\" width=\"204\" height=\"300\"><\/p>\n<p><a href=\"https:\/\/ibr.bs.katowice.pl\/wp-content\/uploads\/2018\/02\/Zaranie-\u015al\u0105skie-seria-2-2015-spis-tre\u015bci.pdf\">Spis tre\u015bci [PDF]<\/a><\/p>\n<p><a href=\"https:\/\/ibr.bs.katowice.pl\/wp-content\/uploads\/2020\/01\/Zaranie-\u015al\u0105skie-2015-1-BLOK.pdf\">Numer [PDF]<\/a><\/p>\n<p><a href=\"https:\/\/ibr.bs.katowice.pl\/wp-content\/uploads\/2018\/02\/Zaranie-\u015al\u0105skie-seria-2-2016-spis-tre\u015bci.pdf\"><img loading=\"lazy\" decoding=\"async\" class=\"alignnone wp-image-2264 size-medium\" src=\"https:\/\/ibr.bs.katowice.pl\/wp-content\/uploads\/2018\/02\/mini-1-203x300.jpg\" alt=\"\" width=\"203\" height=\"300\"><\/a><\/p>\n<p><a href=\"https:\/\/ibr.bs.katowice.pl\/wp-content\/uploads\/2018\/02\/Zaranie-\u015al\u0105skie-seria-2-2016-spis-tre\u015bci.pdf\">Spis tre\u015bci [PDF]<\/a><\/p>\n<p><a href=\"https:\/\/ibr.bs.katowice.pl\/wp-content\/uploads\/2020\/01\/Zaranie-\u015al\u0105skie-2-2015-BLOK-1-..pdf\">Numer [PDF]<\/a><\/p>\n<p><img loading=\"lazy\" decoding=\"async\" class=\"wp-image-2275 size-medium alignnone\" src=\"https:\/\/ibr.bs.katowice.pl\/wp-content\/uploads\/2018\/04\/Zaranie-3-OKL-rob-201x300.jpg\" alt=\"\" width=\"201\" height=\"300\" srcset=\"https:\/\/ibr.bs.katowice.pl\/wp-content\/uploads\/2018\/04\/Zaranie-3-OKL-rob-201x300.jpg 201w, https:\/\/ibr.bs.katowice.pl\/wp-content\/uploads\/2018\/04\/Zaranie-3-OKL-rob-768x1146.jpg 768w, https:\/\/ibr.bs.katowice.pl\/wp-content\/uploads\/2018\/04\/Zaranie-3-OKL-rob-686x1024.jpg 686w, https:\/\/ibr.bs.katowice.pl\/wp-content\/uploads\/2018\/04\/Zaranie-3-OKL-rob.jpg 1940w\" sizes=\"auto, (max-width: 201px) 100vw, 201px\" \/><\/p>\n<p><a href=\"https:\/\/ibr.bs.katowice.pl\/wp-content\/uploads\/2018\/04\/Zranie-3-spis-tre\u015bci.pdf\">Spis tre\u015bci [PDF]<\/a><\/p>\n<p><a href=\"https:\/\/www.sbc.org.pl\/dlibra\/publication\/457561\/edition\/429332\">Numer [PDF]<\/a><\/p>\n<p><img loading=\"lazy\" decoding=\"async\" class=\"size-medium wp-image-2942 alignnone\" src=\"https:\/\/ibr.bs.katowice.pl\/wp-content\/uploads\/2020\/01\/Zaranie-4-OKL-08-200x300.jpg\" alt=\"\" width=\"200\" height=\"300\" srcset=\"https:\/\/ibr.bs.katowice.pl\/wp-content\/uploads\/2020\/01\/Zaranie-4-OKL-08-200x300.jpg 200w, https:\/\/ibr.bs.katowice.pl\/wp-content\/uploads\/2020\/01\/Zaranie-4-OKL-08-768x1152.jpg 768w, https:\/\/ibr.bs.katowice.pl\/wp-content\/uploads\/2020\/01\/Zaranie-4-OKL-08-682x1024.jpg 682w, https:\/\/ibr.bs.katowice.pl\/wp-content\/uploads\/2020\/01\/Zaranie-4-OKL-08-520x780.jpg 520w, https:\/\/ibr.bs.katowice.pl\/wp-content\/uploads\/2020\/01\/Zaranie-4-OKL-08-740x1110.jpg 740w, https:\/\/ibr.bs.katowice.pl\/wp-content\/uploads\/2020\/01\/Zaranie-4-OKL-08.jpg 1928w\" sizes=\"auto, (max-width: 200px) 100vw, 200px\" \/><\/p>\n<p><a href=\"https:\/\/ibr.bs.katowice.pl\/wp-content\/uploads\/2020\/01\/Zaranie-4-spis-tre\u015bci.pdf\">Spis tre\u015bci [PDF]<\/a><\/p>\n\n\n<figure class=\"wp-block-image size-medium\"><img loading=\"lazy\" decoding=\"async\" width=\"200\" height=\"300\" src=\"https:\/\/ibr.bs.katowice.pl\/wp-content\/uploads\/2021\/02\/zaranie_5-max-200x300.jpg\" alt=\"\" class=\"wp-image-3117\" srcset=\"https:\/\/ibr.bs.katowice.pl\/wp-content\/uploads\/2021\/02\/zaranie_5-max-200x300.jpg 200w, https:\/\/ibr.bs.katowice.pl\/wp-content\/uploads\/2021\/02\/zaranie_5-max.jpg 397w\" sizes=\"auto, (max-width: 200px) 100vw, 200px\" \/><\/figure>\n\n\n\n<p><a href=\"https:\/\/ibr.bs.katowice.pl\/wp-content\/uploads\/2021\/02\/Zaranie-5_SPIS-tresci.pdf\">Spis tre\u015bci [PDF]<\/a><\/p>\n\n\n\n<figure class=\"wp-block-image size-medium is-style-default\"><img loading=\"lazy\" decoding=\"async\" width=\"203\" height=\"300\" src=\"https:\/\/ibr.bs.katowice.pl\/wp-content\/uploads\/2021\/02\/zaranie-6-203x300.jpg\" alt=\"\" class=\"wp-image-3116\" srcset=\"https:\/\/ibr.bs.katowice.pl\/wp-content\/uploads\/2021\/02\/zaranie-6-203x300.jpg 203w, https:\/\/ibr.bs.katowice.pl\/wp-content\/uploads\/2021\/02\/zaranie-6.jpg 490w\" sizes=\"auto, (max-width: 203px) 100vw, 203px\" \/><\/figure>\n\n\n\n<p><a href=\"https:\/\/ibr.bs.katowice.pl\/wp-content\/uploads\/2021\/02\/Zaranie-6-SPIS-TRESCI-1.pdf\">Spis tre\u015bci [PDF]<\/a><\/p>\n\n\n\n<figure class=\"wp-block-image size-medium is-style-default\"><img loading=\"lazy\" decoding=\"async\" width=\"194\" height=\"300\" src=\"https:\/\/ibr.bs.katowice.pl\/wp-content\/uploads\/2022\/02\/zaranie-7-okladka-194x300.png\" alt=\"\" class=\"wp-image-3157\" srcset=\"https:\/\/ibr.bs.katowice.pl\/wp-content\/uploads\/2022\/02\/zaranie-7-okladka-194x300.png 194w, https:\/\/ibr.bs.katowice.pl\/wp-content\/uploads\/2022\/02\/zaranie-7-okladka-663x1024.png 663w, https:\/\/ibr.bs.katowice.pl\/wp-content\/uploads\/2022\/02\/zaranie-7-okladka-768x1185.png 768w, https:\/\/ibr.bs.katowice.pl\/wp-content\/uploads\/2022\/02\/zaranie-7-okladka-995x1536.png 995w, https:\/\/ibr.bs.katowice.pl\/wp-content\/uploads\/2022\/02\/zaranie-7-okladka-520x803.png 520w, https:\/\/ibr.bs.katowice.pl\/wp-content\/uploads\/2022\/02\/zaranie-7-okladka-740x1142.png 740w, https:\/\/ibr.bs.katowice.pl\/wp-content\/uploads\/2022\/02\/zaranie-7-okladka.png 1200w\" sizes=\"auto, (max-width: 194px) 100vw, 194px\" \/><\/figure>\n\n\n\n<p><a href=\"https:\/\/ibr.bs.katowice.pl\/wp-content\/uploads\/2022\/02\/zaranie_7-strony-1-6.pdf\">Spis tre\u015bci [PDF]<\/a><\/p>\n","protected":false},"excerpt":{"rendered":"<p>Spis tre\u015bci [PDF] Numer [PDF] Spis tre\u015bci [PDF] Numer [PDF] Spis tre\u015bci [PDF] Numer [PDF] Spis tre\u015bci [PDF] Spis tre\u015bci [PDF] Spis tre\u015bci [PDF] Spis tre\u015bci [PDF]<\/p>\n<div class=\"read-more-wrapper\"><a class=\"read-more\" href=\"https:\/\/ibr.bs.katowice.pl\/?page_id=2260\" title=\"Read More\"> <span class=\"button \">Read More<\/span><\/a><\/div>\n","protected":false},"author":2,"featured_media":0,"parent":0,"menu_order":0,"comment_status":"closed","ping_status":"closed","template":"","meta":{"footnotes":""},"class_list":["post-2260","page","type-page","status-publish","hentry"],"_links":{"self":[{"href":"https:\/\/ibr.bs.katowice.pl\/index.php?rest_route=\/wp\/v2\/pages\/2260","targetHints":{"allow":["GET"]}}],"collection":[{"href":"https:\/\/ibr.bs.katowice.pl\/index.php?rest_route=\/wp\/v2\/pages"}],"about":[{"href":"https:\/\/ibr.bs.katowice.pl\/index.php?rest_route=\/wp\/v2\/types\/page"}],"author":[{"embeddable":true,"href":"https:\/\/ibr.bs.katowice.pl\/index.php?rest_route=\/wp\/v2\/users\/2"}],"replies":[{"embeddable":true,"href":"https:\/\/ibr.bs.katowice.pl\/index.php?rest_route=%2Fwp%2Fv2%2Fcomments&post=2260"}],"version-history":[{"count":0,"href":"https:\/\/ibr.bs.katowice.pl\/index.php?rest_route=\/wp\/v2\/pages\/2260\/revisions"}],"wp:attachment":[{"href":"https:\/\/ibr.bs.katowice.pl\/index.php?rest_route=%2Fwp%2Fv2%2Fmedia&parent=2260"}],"curies":[{"name":"wp","href":"https:\/\/api.w.org\/{rel}","templated":true}]}}