{"id":2251,"date":"2018-02-13T08:59:10","date_gmt":"2018-02-13T08:59:10","guid":{"rendered":"http:\/\/ibr.bs.katowice.pl\/?page_id=2251"},"modified":"2018-02-13T08:59:31","modified_gmt":"2018-02-13T08:59:31","slug":"wytyczne-formalne-i-arkusz-recenzji","status":"publish","type":"page","link":"https:\/\/ibr.bs.katowice.pl\/?page_id=2251","title":{"rendered":"Wytyczne formalne tekst\u00f3w i karta recenzji"},"content":{"rendered":"<p>Zapraszamy do zapoznania si\u0119 z wytycznymi dotycz\u0105cymi nadsy\u0142anych tekst\u00f3w oraz formularzem recenzyjnym.<\/p>\n<p><a href=\"https:\/\/ibr.bs.katowice.pl\/wp-content\/uploads\/2018\/02\/Wytyczne-do-tekst\u00f3w.pdf\">Wytyczne [PDF]<\/a><\/p>\n<p><a href=\"https:\/\/ibr.bs.katowice.pl\/wp-content\/uploads\/2018\/02\/Karta-recenzji.pdf\">Karta recenzji [PDF]<\/a><\/p>\n","protected":false},"excerpt":{"rendered":"<p>Zapraszamy do zapoznania si\u0119 z wytycznymi dotycz\u0105cymi nadsy\u0142anych tekst\u00f3w oraz formularzem recenzyjnym. Wytyczne [PDF] Karta recenzji [PDF]<\/p>\n<div class=\"read-more-wrapper\"><a class=\"read-more\" href=\"https:\/\/ibr.bs.katowice.pl\/?page_id=2251\" title=\"Read More\"> <span class=\"button \">Read More<\/span><\/a><\/div>\n","protected":false},"author":2,"featured_media":0,"parent":0,"menu_order":0,"comment_status":"closed","ping_status":"closed","template":"","meta":{"footnotes":""},"class_list":["post-2251","page","type-page","status-publish","hentry"],"_links":{"self":[{"href":"https:\/\/ibr.bs.katowice.pl\/index.php?rest_route=\/wp\/v2\/pages\/2251","targetHints":{"allow":["GET"]}}],"collection":[{"href":"https:\/\/ibr.bs.katowice.pl\/index.php?rest_route=\/wp\/v2\/pages"}],"about":[{"href":"https:\/\/ibr.bs.katowice.pl\/index.php?rest_route=\/wp\/v2\/types\/page"}],"author":[{"embeddable":true,"href":"https:\/\/ibr.bs.katowice.pl\/index.php?rest_route=\/wp\/v2\/users\/2"}],"replies":[{"embeddable":true,"href":"https:\/\/ibr.bs.katowice.pl\/index.php?rest_route=%2Fwp%2Fv2%2Fcomments&post=2251"}],"version-history":[{"count":0,"href":"https:\/\/ibr.bs.katowice.pl\/index.php?rest_route=\/wp\/v2\/pages\/2251\/revisions"}],"wp:attachment":[{"href":"https:\/\/ibr.bs.katowice.pl\/index.php?rest_route=%2Fwp%2Fv2%2Fmedia&parent=2251"}],"curies":[{"name":"wp","href":"https:\/\/api.w.org\/{rel}","templated":true}]}}