{"id":2244,"date":"2018-02-13T08:23:47","date_gmt":"2018-02-13T08:23:47","guid":{"rendered":"http:\/\/ibr.bs.katowice.pl\/?page_id=2244"},"modified":"2023-06-12T09:16:32","modified_gmt":"2023-06-12T07:16:32","slug":"redakcja-i-rada-redakcyjna","status":"publish","type":"page","link":"https:\/\/ibr.bs.katowice.pl\/?page_id=2244","title":{"rendered":"Redakcja"},"content":{"rendered":"\n<h2 class=\"has-text-align-center wp-block-heading\" style=\"font-style:normal;font-weight:400\"><strong>ZARANIE \u015aL\u0104SKIE. SERIA DRUGA<\/strong><\/h2>\n\n\n\n<h2 class=\"has-text-align-center wp-block-heading\" style=\"font-style:normal;font-weight:400\"><strong>ISSN 0044-183X<\/strong><\/h2>\n\n\n\n<h2 class=\"has-text-align-center wp-block-heading\" style=\"font-style:normal;font-weight:400\"><strong>Redakcja<\/strong><\/h2>\n\n\n\n<h3 class=\"has-text-align-center wp-block-heading\" style=\"font-style:normal;font-weight:300\"><\/h3>\n\n\n\n<p class=\"has-text-align-center has-medium-font-size\">dr Krystian W\u0119grzynek &#8211; redaktor naczelny (od 2023 roku)<\/p>\n\n\n\n<p class=\"has-text-align-center has-medium-font-size\">Beniamin Czapla<\/p>\n\n\n\n<p class=\"has-text-align-center has-medium-font-size\">Micha\u0142 Garbacz<\/p>\n\n\n\n<p class=\"has-text-align-center has-medium-font-size\">Anna Kubica<\/p>\n\n\n\n<p class=\"has-text-align-center has-medium-font-size\">dr Arkadiusz Kuzio-Podrucki<\/p>\n\n\n\n<p class=\"has-text-align-center has-medium-font-size\">dr Janusz Mokrosz<\/p>\n\n\n\n<p class=\"has-text-align-center has-medium-font-size\">Julia Rott-Urba\u0144ska<\/p>\n\n\n\n<p><\/p>\n\n\n\n<p class=\"has-text-align-center\"><\/p>\n\n\n\n<h2 class=\"wp-block-heading\"><\/h2>\n\n\n\n<h4 class=\"wp-block-heading\">&nbsp;<\/h4>\n","protected":false},"excerpt":{"rendered":"<p>ZARANIE \u015aL\u0104SKIE. SERIA DRUGA ISSN 0044-183X Redakcja dr Krystian W\u0119grzynek &#8211; redaktor naczelny (od 2023 roku) Beniamin Czapla Micha\u0142 Garbacz Anna Kubica dr Arkadiusz Kuzio-Podrucki dr Janusz Mokrosz Julia Rott-Urba\u0144ska &nbsp;<\/p>\n<div class=\"read-more-wrapper\"><a class=\"read-more\" href=\"https:\/\/ibr.bs.katowice.pl\/?page_id=2244\" title=\"Read More\"> <span class=\"button \">Read More<\/span><\/a><\/div>\n","protected":false},"author":2,"featured_media":0,"parent":0,"menu_order":0,"comment_status":"closed","ping_status":"closed","template":"","meta":{"footnotes":""},"class_list":["post-2244","page","type-page","status-publish","hentry"],"_links":{"self":[{"href":"https:\/\/ibr.bs.katowice.pl\/index.php?rest_route=\/wp\/v2\/pages\/2244","targetHints":{"allow":["GET"]}}],"collection":[{"href":"https:\/\/ibr.bs.katowice.pl\/index.php?rest_route=\/wp\/v2\/pages"}],"about":[{"href":"https:\/\/ibr.bs.katowice.pl\/index.php?rest_route=\/wp\/v2\/types\/page"}],"author":[{"embeddable":true,"href":"https:\/\/ibr.bs.katowice.pl\/index.php?rest_route=\/wp\/v2\/users\/2"}],"replies":[{"embeddable":true,"href":"https:\/\/ibr.bs.katowice.pl\/index.php?rest_route=%2Fwp%2Fv2%2Fcomments&post=2244"}],"version-history":[{"count":9,"href":"https:\/\/ibr.bs.katowice.pl\/index.php?rest_route=\/wp\/v2\/pages\/2244\/revisions"}],"predecessor-version":[{"id":3791,"href":"https:\/\/ibr.bs.katowice.pl\/index.php?rest_route=\/wp\/v2\/pages\/2244\/revisions\/3791"}],"wp:attachment":[{"href":"https:\/\/ibr.bs.katowice.pl\/index.php?rest_route=%2Fwp%2Fv2%2Fmedia&parent=2244"}],"curies":[{"name":"wp","href":"https:\/\/api.w.org\/{rel}","templated":true}]}}