{"id":1964,"date":"2017-06-19T11:38:46","date_gmt":"2017-06-19T11:38:46","guid":{"rendered":"http:\/\/ibr.bs.katowice.pl\/?page_id=1964"},"modified":"2017-06-20T09:35:21","modified_gmt":"2017-06-20T09:35:21","slug":"pazdziernik","status":"publish","type":"page","link":"https:\/\/ibr.bs.katowice.pl\/?page_id=1964","title":{"rendered":"Pa\u017adziernik"},"content":{"rendered":"<p>Kalendarium prezentuje wybrane wydarzenia i b\u0119dzie sukcesywnie uzupe\u0142niane.<\/p>\n<p>&nbsp;<\/p>\n<table width=\"0\">\n<tbody>\n<tr>\n<td width=\"72\">Dzie\u0144<\/td>\n<td width=\"536\">Wydarzenie<\/td>\n<td width=\"72\">Rok<\/td>\n<\/tr>\n<tr>\n<td width=\"72\">1<\/td>\n<td width=\"536\">Urodzi\u0142 si\u0119 ks. Franciszek Euzebiusz Stateczny<\/td>\n<td width=\"72\">1864<\/td>\n<\/tr>\n<tr>\n<td width=\"72\">2<\/td>\n<td width=\"536\">Przy\u0142\u0105czenie Zaolzia do Polski<\/td>\n<td width=\"72\">1938<\/td>\n<\/tr>\n<tr>\n<td width=\"72\">3<\/td>\n<td width=\"536\">&nbsp;<\/td>\n<td width=\"72\">&nbsp;<\/td>\n<\/tr>\n<tr>\n<td width=\"72\">4<\/td>\n<td width=\"536\">Zmar\u0142 ks. Aleksander Skowro\u0144ski<\/td>\n<td width=\"72\">1934<\/td>\n<\/tr>\n<tr>\n<td width=\"72\">5<\/td>\n<td width=\"536\">&nbsp;<\/td>\n<td width=\"72\">&nbsp;<\/td>\n<\/tr>\n<tr>\n<td width=\"72\">6<\/td>\n<td width=\"536\">Pierwszy zjazd Zwi\u0105zku Weteran\u00f3w Powsta\u0144 \u015al\u0105skich<\/td>\n<td width=\"72\">1946<\/td>\n<\/tr>\n<tr>\n<td width=\"72\">7<\/td>\n<td width=\"536\">W nowo utworzonym Teatrze Polskim w Katowicach odby\u0142o si\u0119 pierwsze przedstawienie teatralne<\/td>\n<td width=\"72\">1922<\/td>\n<\/tr>\n<tr>\n<td width=\"72\">&nbsp;<\/td>\n<td width=\"536\">Powstanie cz\u0142onk\u00f3w \u017cydowskiego Sonderkommando w KL Auschwitz, trwa\u0142o do 10 pa\u017adziernika<\/td>\n<td width=\"72\">1944<\/td>\n<\/tr>\n<tr>\n<td width=\"72\">8<\/td>\n<td width=\"536\">Adolf Hitler wyda\u0142 dekret o wcieleniu do Rzeszy m. in. wojew\u00f3dztw \u015bl\u0105skiego, cz\u0119\u015bci kieleckiego i krakowskiego<\/td>\n<td width=\"72\">1939<\/td>\n<\/tr>\n<tr>\n<td width=\"72\">9<\/td>\n<td width=\"536\">&nbsp;<\/td>\n<td width=\"72\">&nbsp;<\/td>\n<\/tr>\n<tr>\n<td rowspan=\"2\" width=\"72\">10<\/td>\n<td width=\"536\">Zjednoczone polskie si\u0142y G\u00f3rnego \u015al\u0105ska utworzy\u0142y wsp\u00f3lny Polski Komitet Wyborczy, na czele, kt\u00f3rego stan\u0105\u0142 Wojciech Korfanty<\/td>\n<td width=\"72\">1903<\/td>\n<\/tr>\n<tr>\n<td width=\"536\">Pierwsze posiedzenie Sejmu \u015al\u0105skiego<\/td>\n<td width=\"72\">1922<\/td>\n<\/tr>\n<tr>\n<td width=\"72\">11<\/td>\n<td width=\"536\">&nbsp;<\/td>\n<td width=\"72\">&nbsp;<\/td>\n<\/tr>\n<tr>\n<td rowspan=\"2\" width=\"72\">12<\/td>\n<td width=\"536\">Urodzi\u0142 si\u0119 Adam Napieralski<\/td>\n<td width=\"72\">1861<\/td>\n<\/tr>\n<tr>\n<td width=\"536\">Po dwumiesi\u0119cznych debatach Rada Ligi Narod\u00f3w podj\u0119\u0142a decyzj\u0119 o podziale G\u00f3rnego \u015al\u0105ska<\/td>\n<td width=\"72\">1921<\/td>\n<\/tr>\n<tr>\n<td width=\"72\">13<\/td>\n<td width=\"536\">Urodzi\u0142 si\u0119 Maciej Ignacy Miel\u017cy\u0144ski<\/td>\n<td width=\"72\">1869<\/td>\n<\/tr>\n<tr>\n<td width=\"72\">14<\/td>\n<td width=\"536\">Rz\u0105d niemiecki nadaje G\u00f3rnemu \u015al\u0105skowi status samodzielnej prowincji<\/td>\n<td width=\"72\">1919<\/td>\n<\/tr>\n<tr>\n<td width=\"72\">15<\/td>\n<td width=\"536\">Manifestacja pod Urz\u0119dem Wojew\u00f3dzkim w Katowicach, maj\u0105ca potwierdza\u0107 rado\u015b\u0107 z przy\u0142\u0105czenia G\u00f3rnego \u015al\u0105ska do Rzeczy Niemieckiej<\/td>\n<td width=\"72\">1939<\/td>\n<\/tr>\n<tr>\n<td width=\"72\">16<\/td>\n<td width=\"536\">&nbsp;<\/td>\n<td width=\"72\">&nbsp;<\/td>\n<\/tr>\n<tr>\n<td width=\"72\">17<\/td>\n<td width=\"536\">&nbsp;<\/td>\n<td width=\"72\">&nbsp;<\/td>\n<\/tr>\n<tr>\n<td width=\"72\">18<\/td>\n<td width=\"536\">&nbsp;<\/td>\n<td width=\"72\">&nbsp;<\/td>\n<\/tr>\n<tr>\n<td width=\"72\">19<\/td>\n<td width=\"536\">&nbsp;<\/td>\n<td width=\"72\">&nbsp;<\/td>\n<\/tr>\n<tr>\n<td rowspan=\"3\" width=\"72\">20<\/td>\n<td width=\"536\">Rada Ambasador\u00f3w przy Lidze Narod\u00f3w dokona\u0142a podzia\u0142u G\u00f3rnego \u015al\u0105ska<\/td>\n<td width=\"72\">1921<\/td>\n<\/tr>\n<tr>\n<td width=\"536\">Powo\u0142anie do \u017cycia katowickiej plac\u00f3wki gestapo<\/td>\n<td width=\"72\">1939<\/td>\n<\/tr>\n<tr>\n<td width=\"536\">W Bielsku wydano pierwszy numer ,,Trybuny Robotniczej&#8221;<\/td>\n<td width=\"72\">1942<\/td>\n<\/tr>\n<tr>\n<td width=\"72\">21<\/td>\n<td width=\"536\">&nbsp;<\/td>\n<td width=\"72\">&nbsp;<\/td>\n<\/tr>\n<tr>\n<td width=\"72\">22<\/td>\n<td width=\"536\">&nbsp;<\/td>\n<td width=\"72\">&nbsp;<\/td>\n<\/tr>\n<tr>\n<td width=\"72\">23<\/td>\n<td width=\"536\">Urodzi\u0142 si\u0119 Karol Miarka<\/td>\n<td width=\"72\">1825<\/td>\n<\/tr>\n<tr>\n<td width=\"72\">24<\/td>\n<td width=\"536\">Zmar\u0142 Adam Napieralski<\/td>\n<td width=\"72\">1928<\/td>\n<\/tr>\n<tr>\n<td width=\"72\">25<\/td>\n<td width=\"536\">&nbsp;<\/td>\n<td width=\"72\">&nbsp;<\/td>\n<\/tr>\n<tr>\n<td width=\"72\">26<\/td>\n<td width=\"536\">&nbsp;<\/td>\n<td width=\"72\">&nbsp;<\/td>\n<\/tr>\n<tr>\n<td width=\"72\">27<\/td>\n<td width=\"536\">Wojciech Korfanty zosta\u0142 wiceprezesem Rady Ministr\u00f3w RP w gabinecie Wincentego Witosa<\/td>\n<td width=\"72\">1923<\/td>\n<\/tr>\n<tr>\n<td rowspan=\"2\" width=\"72\">28<\/td>\n<td width=\"536\">Powo\u0142ana zosta\u0142a diecezja cz\u0119stochowska<\/td>\n<td width=\"72\">1925<\/td>\n<\/tr>\n<tr>\n<td width=\"536\">Powo\u0142ana zosta\u0142a diecezja katowicka<\/td>\n<td width=\"72\">1925<\/td>\n<\/tr>\n<tr>\n<td width=\"72\">29<\/td>\n<td width=\"536\">&nbsp;<\/td>\n<td width=\"72\">&nbsp;<\/td>\n<\/tr>\n<tr>\n<td width=\"72\">30<\/td>\n<td width=\"536\">Za\u0142o\u017cenie Oberschlesischer Heimatbund, nazistowskiej organizacja kulturalno-o\u015bwiatowej<\/td>\n<td width=\"72\">1941<\/td>\n<\/tr>\n<tr>\n<td width=\"72\">31<\/td>\n<td width=\"536\">&nbsp;<\/td>\n<td width=\"72\">&nbsp;<\/td>\n<\/tr>\n<\/tbody>\n<\/table>\n","protected":false},"excerpt":{"rendered":"<p>Kalendarium prezentuje wybrane wydarzenia i b\u0119dzie sukcesywnie uzupe\u0142niane. &nbsp; Dzie\u0144 Wydarzenie Rok 1 Urodzi\u0142 si\u0119 ks. Franciszek Euzebiusz Stateczny 1864 2 Przy\u0142\u0105czenie Zaolzia do Polski 1938 3 &nbsp; &nbsp; 4 Zmar\u0142 ks. Aleksander Skowro\u0144ski 1934 5 &nbsp; &nbsp; 6 Pierwszy zjazd Zwi\u0105zku Weteran\u00f3w Powsta\u0144 \u015al\u0105skich 1946 7 W nowo utworzonym Teatrze Polskim w Katowicach odby\u0142o<\/p>\n<div class=\"read-more-wrapper\"><a class=\"read-more\" href=\"https:\/\/ibr.bs.katowice.pl\/?page_id=1964\" title=\"Read More\"> <span class=\"button \">Read More<\/span><\/a><\/div>\n","protected":false},"author":2,"featured_media":0,"parent":1943,"menu_order":0,"comment_status":"closed","ping_status":"closed","template":"","meta":{"footnotes":""},"class_list":["post-1964","page","type-page","status-publish","hentry"],"_links":{"self":[{"href":"https:\/\/ibr.bs.katowice.pl\/index.php?rest_route=\/wp\/v2\/pages\/1964","targetHints":{"allow":["GET"]}}],"collection":[{"href":"https:\/\/ibr.bs.katowice.pl\/index.php?rest_route=\/wp\/v2\/pages"}],"about":[{"href":"https:\/\/ibr.bs.katowice.pl\/index.php?rest_route=\/wp\/v2\/types\/page"}],"author":[{"embeddable":true,"href":"https:\/\/ibr.bs.katowice.pl\/index.php?rest_route=\/wp\/v2\/users\/2"}],"replies":[{"embeddable":true,"href":"https:\/\/ibr.bs.katowice.pl\/index.php?rest_route=%2Fwp%2Fv2%2Fcomments&post=1964"}],"version-history":[{"count":0,"href":"https:\/\/ibr.bs.katowice.pl\/index.php?rest_route=\/wp\/v2\/pages\/1964\/revisions"}],"up":[{"embeddable":true,"href":"https:\/\/ibr.bs.katowice.pl\/index.php?rest_route=\/wp\/v2\/pages\/1943"}],"wp:attachment":[{"href":"https:\/\/ibr.bs.katowice.pl\/index.php?rest_route=%2Fwp%2Fv2%2Fmedia&parent=1964"}],"curies":[{"name":"wp","href":"https:\/\/api.w.org\/{rel}","templated":true}]}}