{"id":1955,"date":"2017-06-19T11:37:32","date_gmt":"2017-06-19T11:37:32","guid":{"rendered":"http:\/\/ibr.bs.katowice.pl\/?page_id=1955"},"modified":"2017-06-20T09:23:43","modified_gmt":"2017-06-20T09:23:43","slug":"maj","status":"publish","type":"page","link":"https:\/\/ibr.bs.katowice.pl\/?page_id=1955","title":{"rendered":"Maj"},"content":{"rendered":"<p>Kalendarium prezentuje wybrane wydarzenia i b\u0119dzie sukcesywnie uzupe\u0142niane.<\/p>\n<p>&nbsp;<\/p>\n<table width=\"0\">\n<tbody>\n<tr>\n<td width=\"72\">Dzie\u0144<\/td>\n<td width=\"509\">Wydarzenie<\/td>\n<td width=\"72\">Rok<\/td>\n<\/tr>\n<tr>\n<td rowspan=\"4\" width=\"72\">1<\/td>\n<td width=\"509\">Kazimierz Wielki zrzeka si\u0119 na rzecz kr\u00f3lestwa czeskiego Karola IV praw do \u015awidnicy, Kluczborka oraz Byczyny i od tej chwili ca\u0142y \u015al\u0105sk oderwany na blisko 600 lat od Polski<\/td>\n<td width=\"72\">1356<\/td>\n<\/tr>\n<tr>\n<td width=\"509\">Urodzi\u0142 si\u0119 Filip Jakub Robota<\/td>\n<td width=\"72\">1841<\/td>\n<\/tr>\n<tr>\n<td width=\"509\">Pierwsze na G\u00f3rnym \u015al\u0105sku obchody 1-majowe<\/td>\n<td width=\"72\">1895<\/td>\n<\/tr>\n<tr>\n<td width=\"509\">Swoj\u0105 dzia\u0142alno\u015b\u0107 rozpocz\u0105\u0142 Instytut \u015al\u0105ski<\/td>\n<td width=\"72\">1934<\/td>\n<\/tr>\n<tr>\n<td width=\"72\">2<\/td>\n<td width=\"509\">Na G\u00f3rnym \u015al\u0105sku wybuch\u0142 strajk generalny, kt\u00f3ry sta\u0142 si\u0119 sygna\u0142em do III powstania \u015bl\u0105skiego<\/td>\n<td width=\"72\">1921<\/td>\n<\/tr>\n<tr>\n<td rowspan=\"4\" width=\"72\">3<\/td>\n<td width=\"509\">Zmar\u0142 Jan Wilhelm Pohle<\/td>\n<td width=\"72\">1801<\/td>\n<\/tr>\n<tr>\n<td width=\"509\">Urodzi\u0142 si\u0119 Jan Nikodem Jaro\u0144<\/td>\n<td width=\"72\">1881<\/td>\n<\/tr>\n<tr>\n<td width=\"509\">Wybuch\u0142o III powstanie \u015bl\u0105skie<\/td>\n<td width=\"72\">1921<\/td>\n<\/tr>\n<tr>\n<td width=\"509\">Wyzwolenie Cieszyna, Goleszowa i Ustronia<\/td>\n<td width=\"72\">1945<\/td>\n<\/tr>\n<tr>\n<td rowspan=\"3\" width=\"72\">4<\/td>\n<td width=\"509\">Zmar\u0142 ks. J\u00f3zef Szafranek<\/td>\n<td width=\"72\">1874<\/td>\n<\/tr>\n<tr>\n<td width=\"509\">Powsta\u0144cy \u015bl\u0105scy zdobyli G\u00f3r\u0119 \u015bw. Anny, Olesno, Gorz\u00f3w \u015al\u0105ski i Ujazd<\/td>\n<td width=\"72\">1921<\/td>\n<\/tr>\n<tr>\n<td width=\"509\">Rudolf H\u00f6\u00df zosta\u0142 mianowany komendantem obozu koncentracyjnego w O\u015bwi\u0119cimiu<\/td>\n<td width=\"72\">1940<\/td>\n<\/tr>\n<tr>\n<td width=\"72\">5<\/td>\n<td width=\"509\">&nbsp;<\/td>\n<td width=\"72\">&nbsp;<\/td>\n<\/tr>\n<tr>\n<td width=\"72\">6<\/td>\n<td width=\"509\">&nbsp;<\/td>\n<td width=\"72\">&nbsp;<\/td>\n<\/tr>\n<tr>\n<td rowspan=\"2\" width=\"72\">7<\/td>\n<td width=\"509\">Urodzi\u0142 si\u0119 Stanis\u0142aw Mastelarz<\/td>\n<td width=\"72\">1895<\/td>\n<\/tr>\n<tr>\n<td width=\"509\">Polskiemu Gimnazjum w Bytomiu przyznano prawa publiczne, dzi\u0119ki czemu szko\u0142a mog\u0142a przeprowadza\u0107 egzaminy dojrza\u0142o\u015bci<\/td>\n<td width=\"72\">1935<\/td>\n<\/tr>\n<tr>\n<td width=\"72\">8<\/td>\n<td width=\"509\">&nbsp;<\/td>\n<td width=\"72\">&nbsp;<\/td>\n<\/tr>\n<tr>\n<td width=\"72\">9<\/td>\n<td width=\"509\">W Katowicach odby\u0142a si\u0119 wielka manifestacja zwyci\u0119stwa nad faszyzmem<\/td>\n<td width=\"72\">1945<\/td>\n<\/tr>\n<tr>\n<td width=\"72\">10<\/td>\n<td width=\"509\">&nbsp;<\/td>\n<td width=\"72\">&nbsp;<\/td>\n<\/tr>\n<tr>\n<td width=\"72\">11<\/td>\n<td width=\"509\">&nbsp;<\/td>\n<td width=\"72\">&nbsp;<\/td>\n<\/tr>\n<tr>\n<td width=\"72\">12<\/td>\n<td width=\"509\">&nbsp;<\/td>\n<td width=\"72\">&nbsp;<\/td>\n<\/tr>\n<tr>\n<td width=\"72\">13<\/td>\n<td width=\"509\">&nbsp;<\/td>\n<td width=\"72\">&nbsp;<\/td>\n<\/tr>\n<tr>\n<td width=\"72\">14<\/td>\n<td width=\"509\">Urodzi\u0142 si\u0119 Jan Wypler<\/td>\n<td width=\"72\">1890<\/td>\n<\/tr>\n<tr>\n<td rowspan=\"2\" width=\"72\">15<\/td>\n<td width=\"509\">Wesz\u0142a w \u017cycie tzw. Ustawa kaga\u0144cowa, zabraniaj\u0105ca u\u017cywania podczas zebra\u0144 j\u0119zyka polskiego<\/td>\n<td width=\"72\">1908<\/td>\n<\/tr>\n<tr>\n<td width=\"509\">Podpisano polsko-niemieckie porozumienie w sprawie G\u00f3rnego \u015al\u0105ska tzw. Konwencj\u0119 Genewsk\u0105, kt\u00f3ra normowa\u0142a ca\u0142okszta\u0142t \u017cycia spo\u0142eczno-politycznego i gospodarczego na 15 lat od czasu jej wprowadzenia<\/td>\n<td width=\"72\">1922<\/td>\n<\/tr>\n<tr>\n<td width=\"72\">16<\/td>\n<td width=\"509\">&nbsp;<\/td>\n<td width=\"72\">&nbsp;<\/td>\n<\/tr>\n<tr>\n<td width=\"72\">17<\/td>\n<td width=\"509\">Zmar\u0142 Filip Jakub Robota<\/td>\n<td width=\"72\">1902<\/td>\n<\/tr>\n<tr>\n<td width=\"72\">18<\/td>\n<td width=\"509\">Naczelna Rada Ludowa G\u00f3rnego \u015al\u0105ska przekaza\u0142a wojewodzie J\u00f3zefowi Rymerowi w\u0142adz\u0119 zwierzchni\u0105 nad wojew\u00f3dztwem \u015bl\u0105skim<\/td>\n<td width=\"72\">1922<\/td>\n<\/tr>\n<tr>\n<td width=\"72\">19<\/td>\n<td width=\"509\">&nbsp;<\/td>\n<td width=\"72\">&nbsp;<\/td>\n<\/tr>\n<tr>\n<td width=\"72\">20<\/td>\n<td width=\"509\">Hitlerowcy za\u0142o\u017cyli w O\u015bwi\u0119cimiu ob\u00f3z koncentracyjny &#8211; Konzentrationslager Auschwitz<\/td>\n<td width=\"72\">1940<\/td>\n<\/tr>\n<tr>\n<td width=\"72\">21<\/td>\n<td width=\"509\">W III powstaniu \u015bl\u0105skim rozpocz\u0119\u0142a si\u0119 bitwa o G\u00f3r\u0119 \u015bw. Anny<\/td>\n<td width=\"72\">1921<\/td>\n<\/tr>\n<tr>\n<td rowspan=\"2\" width=\"72\">22<\/td>\n<td width=\"509\">Kr\u00f3l pruski Fryderyk II nakaza\u0142 ksi\u0119\u017com i nauczycielom nauczenia si\u0119 i u\u017cywania j\u0119zyka polskiego na ziemiach zamieszka\u0142ych przez ludno\u015b\u0107 polsk\u0105<\/td>\n<td width=\"72\">1764<\/td>\n<\/tr>\n<tr>\n<td width=\"509\">Pi\u0105ta pielgrzymka Jana Paw\u0142a II do Polski<\/td>\n<td width=\"72\">1995<\/td>\n<\/tr>\n<tr>\n<td width=\"72\">23<\/td>\n<td width=\"509\">&nbsp;<\/td>\n<td width=\"72\">&nbsp;<\/td>\n<\/tr>\n<tr>\n<td width=\"72\">24<\/td>\n<td width=\"509\">&nbsp;<\/td>\n<td width=\"72\">&nbsp;<\/td>\n<\/tr>\n<tr>\n<td width=\"72\">25<\/td>\n<td width=\"509\">&nbsp;<\/td>\n<td width=\"72\">&nbsp;<\/td>\n<\/tr>\n<tr>\n<td width=\"72\">26<\/td>\n<td width=\"509\">&nbsp;<\/td>\n<td width=\"72\">&nbsp;<\/td>\n<\/tr>\n<tr>\n<td rowspan=\"2\" width=\"72\">27<\/td>\n<td width=\"509\">Napad boj\u00f3wek niemieckich na bytomski hotel Lomnitz, siedzib\u0119 Polskiego Komitetu Plebiscytowego<\/td>\n<td width=\"72\">1920<\/td>\n<\/tr>\n<tr>\n<td width=\"509\">W Katowicach odby\u0142 si\u0119 zjazd radc\u00f3w za\u0142ogowych G\u00f3rnego \u015al\u0105ska, na kt\u00f3rym wybrano Centralny Komitet Akcji G\u00f3rnego \u015al\u0105ska, zwany od liczby jego cz\u0142onk\u00f3w Komitetem 21<\/td>\n<td width=\"72\">1923<\/td>\n<\/tr>\n<tr>\n<td width=\"72\">28<\/td>\n<td width=\"509\">&nbsp;<\/td>\n<td width=\"72\">&nbsp;<\/td>\n<\/tr>\n<tr>\n<td width=\"72\">29<\/td>\n<td width=\"509\">&nbsp;<\/td>\n<td width=\"72\">&nbsp;<\/td>\n<\/tr>\n<tr>\n<td width=\"72\">30<\/td>\n<td width=\"509\">W KL Auschwitz funkcj\u0119 lekarza obozowego obj\u0105\u0142 Josef Mengele<\/td>\n<td width=\"72\">1943<\/td>\n<\/tr>\n<tr>\n<td width=\"72\">31<\/td>\n<td width=\"509\">Sz\u00f3sta pielgrzymka Jana Paw\u0142a II do Polski (do 10 czerwca)<\/td>\n<td width=\"72\">1997<\/td>\n<\/tr>\n<\/tbody>\n<\/table>\n","protected":false},"excerpt":{"rendered":"<p>Kalendarium prezentuje wybrane wydarzenia i b\u0119dzie sukcesywnie uzupe\u0142niane. &nbsp; Dzie\u0144 Wydarzenie Rok 1 Kazimierz Wielki zrzeka si\u0119 na rzecz kr\u00f3lestwa czeskiego Karola IV praw do \u015awidnicy, Kluczborka oraz Byczyny i od tej chwili ca\u0142y \u015al\u0105sk oderwany na blisko 600 lat od Polski 1356 Urodzi\u0142 si\u0119 Filip Jakub Robota 1841 Pierwsze na G\u00f3rnym \u015al\u0105sku obchody 1-majowe<\/p>\n<div class=\"read-more-wrapper\"><a class=\"read-more\" href=\"https:\/\/ibr.bs.katowice.pl\/?page_id=1955\" title=\"Read More\"> <span class=\"button \">Read More<\/span><\/a><\/div>\n","protected":false},"author":2,"featured_media":0,"parent":1943,"menu_order":0,"comment_status":"closed","ping_status":"closed","template":"","meta":{"footnotes":""},"class_list":["post-1955","page","type-page","status-publish","hentry"],"_links":{"self":[{"href":"https:\/\/ibr.bs.katowice.pl\/index.php?rest_route=\/wp\/v2\/pages\/1955","targetHints":{"allow":["GET"]}}],"collection":[{"href":"https:\/\/ibr.bs.katowice.pl\/index.php?rest_route=\/wp\/v2\/pages"}],"about":[{"href":"https:\/\/ibr.bs.katowice.pl\/index.php?rest_route=\/wp\/v2\/types\/page"}],"author":[{"embeddable":true,"href":"https:\/\/ibr.bs.katowice.pl\/index.php?rest_route=\/wp\/v2\/users\/2"}],"replies":[{"embeddable":true,"href":"https:\/\/ibr.bs.katowice.pl\/index.php?rest_route=%2Fwp%2Fv2%2Fcomments&post=1955"}],"version-history":[{"count":0,"href":"https:\/\/ibr.bs.katowice.pl\/index.php?rest_route=\/wp\/v2\/pages\/1955\/revisions"}],"up":[{"embeddable":true,"href":"https:\/\/ibr.bs.katowice.pl\/index.php?rest_route=\/wp\/v2\/pages\/1943"}],"wp:attachment":[{"href":"https:\/\/ibr.bs.katowice.pl\/index.php?rest_route=%2Fwp%2Fv2%2Fmedia&parent=1955"}],"curies":[{"name":"wp","href":"https:\/\/api.w.org\/{rel}","templated":true}]}}