{"id":1951,"date":"2017-06-19T11:37:03","date_gmt":"2017-06-19T11:37:03","guid":{"rendered":"http:\/\/ibr.bs.katowice.pl\/?page_id=1951"},"modified":"2017-06-20T11:50:08","modified_gmt":"2017-06-20T11:50:08","slug":"marzec","status":"publish","type":"page","link":"https:\/\/ibr.bs.katowice.pl\/?page_id=1951","title":{"rendered":"Marzec"},"content":{"rendered":"<p>Kalendarium prezentuje wybrane wydarzenia i b\u0119dzie sukcesywnie uzupe\u0142niane.<\/p>\n<p>&nbsp;<\/p>\n<table width=\"0\">\n<tbody>\n<tr>\n<td width=\"72\">Dzie\u0144<\/td>\n<td width=\"423\">Wydarzenie<\/td>\n<td width=\"79\">Rok<\/td>\n<\/tr>\n<tr>\n<td width=\"72\">1<\/td>\n<td width=\"423\"><\/td>\n<td width=\"79\"><\/td>\n<\/tr>\n<tr>\n<td width=\"72\">2<\/td>\n<td width=\"423\">Wybuch po\u017caru w szybkie kopalni Kleofas w Za\u0142\u0119\u017cu (Katowice); zgin\u0119\u0142o 114 g\u00f3rnik\u00f3w<\/td>\n<td width=\"79\">1896<\/td>\n<\/tr>\n<tr>\n<td width=\"72\">3<\/td>\n<td width=\"423\"><\/td>\n<td width=\"79\"><\/td>\n<\/tr>\n<tr>\n<td width=\"72\"><\/td>\n<td width=\"423\">Wybuch wielkiego strajku g\u00f3rnik\u00f3w g\u00f3rno\u015bl\u0105skich<\/td>\n<td width=\"79\">1919<\/td>\n<\/tr>\n<tr>\n<td width=\"72\">4<\/td>\n<td width=\"423\">Wilhelm Firck i Heinrich Himmler wydaj\u0105 rozporz\u0105dzenie o niemieckiej li\u015bcie narodowo\u015bciowej (Deutsche Volksliste)<\/td>\n<td width=\"79\">1941<\/td>\n<\/tr>\n<tr>\n<td width=\"72\">5<\/td>\n<td width=\"423\">Zmar\u0142 ks. Konstanty Damrot<\/td>\n<td width=\"79\">1895<\/td>\n<\/tr>\n<tr>\n<td width=\"72\"><\/td>\n<td width=\"423\">Zmar\u0142 Karol Miarka<\/td>\n<td width=\"79\">1895<\/td>\n<\/tr>\n<tr>\n<td width=\"72\"><\/td>\n<td width=\"423\">Urodzi\u0142 si\u0119 J\u00f3zef Grzegorzek<\/td>\n<td width=\"79\">1885<\/td>\n<\/tr>\n<tr>\n<td width=\"72\">6<\/td>\n<td width=\"423\">Urodzi\u0142 si\u0119 ks. J\u00f3zef Gregor<\/td>\n<td width=\"79\">1857<\/td>\n<\/tr>\n<tr>\n<td width=\"72\"><\/td>\n<td width=\"423\">Rozg\u0142o\u015bnia Polskiego Radia w Katowicach zostaje uruchomiona po wojennej przerwie<\/td>\n<td width=\"79\">1945<\/td>\n<\/tr>\n<tr>\n<td width=\"72\">7<\/td>\n<td width=\"423\"><\/td>\n<td width=\"79\"><\/td>\n<\/tr>\n<tr>\n<td width=\"72\">8<\/td>\n<td width=\"423\"><\/td>\n<td width=\"79\"><\/td>\n<\/tr>\n<tr>\n<td width=\"72\">9<\/td>\n<td width=\"423\"><\/td>\n<td width=\"79\"><\/td>\n<\/tr>\n<tr>\n<td width=\"72\">10<\/td>\n<td width=\"423\">Urodzi\u0142 si\u0119 Joseph von Eichendorff (w \u0141ubowicach k. Raciborza); poeta<\/td>\n<td width=\"79\">1788<\/td>\n<\/tr>\n<tr>\n<td width=\"72\"><\/td>\n<td width=\"423\">Demonstracje polskie w Bytomiu; zapocz\u0105tkowa\u0142y rozruchy Wiosny Lud\u00f3w na G\u00f3rnym \u015al\u0105sku<\/td>\n<td width=\"79\">1848<\/td>\n<\/tr>\n<tr>\n<td width=\"72\"><\/td>\n<td width=\"423\">Urodzi\u0142 si\u0119 Emanuel Konstanty Imiela<\/td>\n<td width=\"79\">1888<\/td>\n<\/tr>\n<tr>\n<td width=\"72\">11<\/td>\n<td width=\"423\">Ukaza\u0142 si\u0119 pierwszy numer &#8222;Trybuny Robotniczej&#8221;, daw. &#8222;Trybuny \u015al\u0105skiej&#8221;<\/td>\n<td width=\"79\">1945<\/td>\n<\/tr>\n<tr>\n<td width=\"72\"><\/td>\n<td width=\"423\">Na mocy Ustawy Sejmu \u015al\u0105skiego zosta\u0142a powo\u0142ana \u015al\u0105ska Biblioteka Publiczna im. J\u00f3zefa Pi\u0142sudskiego<\/td>\n<td width=\"79\">1936<\/td>\n<\/tr>\n<tr>\n<td width=\"72\">12<\/td>\n<td width=\"423\"><\/td>\n<td width=\"79\"><\/td>\n<\/tr>\n<tr>\n<td width=\"72\">13<\/td>\n<td width=\"423\"><\/td>\n<td width=\"79\"><\/td>\n<\/tr>\n<tr>\n<td width=\"72\">14<\/td>\n<td width=\"423\">Zmar\u0142 ks. Jan Ga\u0142eczka<\/td>\n<td width=\"79\">1845<\/td>\n<\/tr>\n<tr>\n<td width=\"72\">15<\/td>\n<td width=\"423\">Usuni\u0119cie z diecezji katowickiej wi\u0119kszo\u015bci ksi\u0119\u017cy katolickich pochodz\u0105cych z teren\u00f3w by\u0142ej Kongres\u00f3wki i Galicji<\/td>\n<td width=\"79\">1940<\/td>\n<\/tr>\n<tr>\n<td width=\"72\">16<\/td>\n<td width=\"423\"><\/td>\n<td width=\"79\"><\/td>\n<\/tr>\n<tr>\n<td width=\"72\">17<\/td>\n<td width=\"423\"><\/td>\n<td width=\"79\"><\/td>\n<\/tr>\n<tr>\n<td width=\"72\">18<\/td>\n<td width=\"423\">\u015al\u0105sk Opolski zosta\u0142 w\u0142\u0105czony do Macierzy<\/td>\n<td width=\"79\">1945<\/td>\n<\/tr>\n<tr>\n<td width=\"72\">19<\/td>\n<td width=\"423\"><\/td>\n<td width=\"79\"><\/td>\n<\/tr>\n<tr>\n<td width=\"72\">20<\/td>\n<td width=\"423\">Na G\u00f3rnym \u015al\u0105sku odby\u0142 si\u0119 plebiscyt<\/td>\n<td width=\"79\">1921<\/td>\n<\/tr>\n<tr>\n<td width=\"72\">21<\/td>\n<td width=\"423\">Reaktywowano dzia\u0142alno\u015b\u0107 Muzeum \u015al\u0105skiego w Bytomiu<\/td>\n<td width=\"79\">1921<\/td>\n<\/tr>\n<tr>\n<td width=\"72\">22<\/td>\n<td width=\"423\"><\/td>\n<td width=\"79\"><\/td>\n<\/tr>\n<tr>\n<td width=\"72\">23<\/td>\n<td width=\"423\"><\/td>\n<td width=\"79\"><\/td>\n<\/tr>\n<tr>\n<td width=\"72\">24<\/td>\n<td width=\"423\"><\/td>\n<td width=\"79\"><\/td>\n<\/tr>\n<tr>\n<td width=\"72\">25<\/td>\n<td width=\"423\">Urodzi\u0142 si\u0119 Marian Batko<\/td>\n<td width=\"79\">1901<\/td>\n<\/tr>\n<tr>\n<td width=\"72\"><\/td>\n<td width=\"423\">Papie\u017c Jan Pawe\u0142 II bull\u0105 ,,Totus Tuus Poloniae Populus&#8221; podni\u00f3s\u0142 diecezj\u0119 cz\u0119stochowsk\u0105 do rangi archidiecezji<\/td>\n<td width=\"79\">1992<\/td>\n<\/tr>\n<tr>\n<td width=\"72\"><\/td>\n<td width=\"423\">Papie\u017c Jan Pawe\u0142 II bull\u0105 ,,Totus Tuus Poloniae Populus&#8221; podni\u00f3s\u0142 diecezj\u0119 katowick\u0105 do rangi archidiecezji<\/td>\n<td width=\"79\">1992<\/td>\n<\/tr>\n<tr>\n<td width=\"72\">26<\/td>\n<td width=\"423\">Urodzi\u0142 Alfons G\u00f3rnik, pierwszy prezydent Katowic<\/td>\n<td width=\"79\">1886<\/td>\n<\/tr>\n<tr>\n<td width=\"72\"><\/td>\n<td width=\"423\">Wojska radzieckie zaj\u0119\u0142y Rybnik i Wodzis\u0142aw \u015al\u0105ski<\/td>\n<td width=\"79\">1945<\/td>\n<\/tr>\n<tr>\n<td width=\"72\">27<\/td>\n<td width=\"423\">Zmar\u0142 Jan II Dobry, ostatni Piast opolski<\/td>\n<td width=\"79\">1532<\/td>\n<\/tr>\n<tr>\n<td width=\"72\"><\/td>\n<td width=\"423\">Urodzi\u0142 si\u0119 ks. Wilhelm Wo\u017aniak<\/td>\n<td width=\"79\">1886<\/td>\n<\/tr>\n<tr>\n<td width=\"72\">28<\/td>\n<td width=\"423\"><\/td>\n<td width=\"79\"><\/td>\n<\/tr>\n<tr>\n<td width=\"72\">29<\/td>\n<td width=\"423\">Zmar\u0142 J\u00f3zef Lompa<\/td>\n<td width=\"79\">1863<\/td>\n<\/tr>\n<tr>\n<td width=\"72\">30<\/td>\n<td width=\"423\"><\/td>\n<td width=\"79\"><\/td>\n<\/tr>\n<tr>\n<td width=\"72\">31<\/td>\n<td width=\"423\">Wojska radzieckie zdoby\u0142y Racib\u00f3rz<\/td>\n<td width=\"79\">1945<\/td>\n<\/tr>\n<\/tbody>\n<\/table>\n","protected":false},"excerpt":{"rendered":"<p>Kalendarium prezentuje wybrane wydarzenia i b\u0119dzie sukcesywnie uzupe\u0142niane. &nbsp; Dzie\u0144 Wydarzenie Rok 1 2 Wybuch po\u017caru w szybkie kopalni Kleofas w Za\u0142\u0119\u017cu (Katowice); zgin\u0119\u0142o 114 g\u00f3rnik\u00f3w 1896 3 Wybuch wielkiego strajku g\u00f3rnik\u00f3w g\u00f3rno\u015bl\u0105skich 1919 4 Wilhelm Firck i Heinrich Himmler wydaj\u0105 rozporz\u0105dzenie o niemieckiej li\u015bcie narodowo\u015bciowej (Deutsche Volksliste) 1941 5 Zmar\u0142 ks. Konstanty Damrot 1895<\/p>\n<div class=\"read-more-wrapper\"><a class=\"read-more\" href=\"https:\/\/ibr.bs.katowice.pl\/?page_id=1951\" title=\"Read More\"> <span class=\"button \">Read More<\/span><\/a><\/div>\n","protected":false},"author":2,"featured_media":0,"parent":1943,"menu_order":0,"comment_status":"closed","ping_status":"closed","template":"","meta":{"footnotes":""},"class_list":["post-1951","page","type-page","status-publish","hentry"],"_links":{"self":[{"href":"https:\/\/ibr.bs.katowice.pl\/index.php?rest_route=\/wp\/v2\/pages\/1951","targetHints":{"allow":["GET"]}}],"collection":[{"href":"https:\/\/ibr.bs.katowice.pl\/index.php?rest_route=\/wp\/v2\/pages"}],"about":[{"href":"https:\/\/ibr.bs.katowice.pl\/index.php?rest_route=\/wp\/v2\/types\/page"}],"author":[{"embeddable":true,"href":"https:\/\/ibr.bs.katowice.pl\/index.php?rest_route=\/wp\/v2\/users\/2"}],"replies":[{"embeddable":true,"href":"https:\/\/ibr.bs.katowice.pl\/index.php?rest_route=%2Fwp%2Fv2%2Fcomments&post=1951"}],"version-history":[{"count":0,"href":"https:\/\/ibr.bs.katowice.pl\/index.php?rest_route=\/wp\/v2\/pages\/1951\/revisions"}],"up":[{"embeddable":true,"href":"https:\/\/ibr.bs.katowice.pl\/index.php?rest_route=\/wp\/v2\/pages\/1943"}],"wp:attachment":[{"href":"https:\/\/ibr.bs.katowice.pl\/index.php?rest_route=%2Fwp%2Fv2%2Fmedia&parent=1951"}],"curies":[{"name":"wp","href":"https:\/\/api.w.org\/{rel}","templated":true}]}}