{"id":1949,"date":"2017-06-19T11:36:51","date_gmt":"2017-06-19T11:36:51","guid":{"rendered":"http:\/\/ibr.bs.katowice.pl\/?page_id=1949"},"modified":"2017-06-20T09:22:18","modified_gmt":"2017-06-20T09:22:18","slug":"luty","status":"publish","type":"page","link":"https:\/\/ibr.bs.katowice.pl\/?page_id=1949","title":{"rendered":"Luty"},"content":{"rendered":"<p>Kalendarium prezentuje wybrane wydarzenia i b\u0119dzie sukcesywnie uzupe\u0142niane.<\/p>\n<p>&nbsp;<\/p>\n<table width=\"0\">\n<tbody>\n<tr>\n<td width=\"72\">Dzie\u0144<\/td>\n<td width=\"452\">Wydarzenie<\/td>\n<td width=\"72\">Rok<\/td>\n<\/tr>\n<tr>\n<td width=\"72\"><\/td>\n<td width=\"452\">Powstanie ch\u0142opskie w 170 gminach powiat\u00f3w Pszczy\u0144skiego i Raciborskiego, st\u0142umione przez wojska pruskie<\/td>\n<td width=\"72\">1811<\/td>\n<\/tr>\n<tr>\n<td width=\"72\"><\/td>\n<td width=\"452\">W miejscu filii obozu koncentracyjnego w \u015awi\u0119toch\u0142owicach\u00a0 Auschwitz Urz\u0105d Bezpiecze\u0144stwa utworzy\u0142 ob\u00f3z &#8222;Zgoda&#8221;<\/td>\n<td width=\"72\">1945<\/td>\n<\/tr>\n<tr>\n<td width=\"72\">1<\/td>\n<td width=\"452\">&nbsp;<\/td>\n<td width=\"72\">&nbsp;<\/td>\n<\/tr>\n<tr>\n<td rowspan=\"3\" width=\"72\">2<\/td>\n<td width=\"452\">Zmar\u0142 Bernard z Nysy<\/td>\n<td width=\"72\">1490<\/td>\n<\/tr>\n<tr>\n<td width=\"452\">Urodzi\u0142 si\u0119 ks. Jan Kapica<\/td>\n<td width=\"72\">1866<\/td>\n<\/tr>\n<tr>\n<td width=\"452\">Zamordowano Augustyna \u015awidra<\/td>\n<td width=\"72\">1923<\/td>\n<\/tr>\n<tr>\n<td width=\"72\">3<\/td>\n<td width=\"452\">&nbsp;<\/td>\n<td width=\"72\">&nbsp;<\/td>\n<\/tr>\n<tr>\n<td width=\"72\">4<\/td>\n<td width=\"452\">&nbsp;<\/td>\n<td width=\"72\">&nbsp;<\/td>\n<\/tr>\n<tr>\n<td width=\"72\">5<\/td>\n<td width=\"452\">&nbsp;<\/td>\n<td width=\"72\">&nbsp;<\/td>\n<\/tr>\n<tr>\n<td rowspan=\"2\" width=\"72\">6<\/td>\n<td width=\"452\">W Katowicach ukaza\u0142 si\u0119 pierwszy numer ,,Dziennika Zachodniego&#8221;<\/td>\n<td width=\"72\">1945<\/td>\n<\/tr>\n<tr>\n<td width=\"452\">Do Katowic wr\u00f3ci\u0142 bp. Stanis\u0142aw Adamski<\/td>\n<td width=\"72\">1945<\/td>\n<\/tr>\n<tr>\n<td width=\"72\">7<\/td>\n<td width=\"452\">&nbsp;<\/td>\n<td width=\"72\">&nbsp;<\/td>\n<\/tr>\n<tr>\n<td width=\"72\">8<\/td>\n<td width=\"452\">&nbsp;<\/td>\n<td width=\"72\">&nbsp;<\/td>\n<\/tr>\n<tr>\n<td width=\"72\">9<\/td>\n<td width=\"452\">&nbsp;<\/td>\n<td width=\"72\">&nbsp;<\/td>\n<\/tr>\n<tr>\n<td width=\"72\">10<\/td>\n<td width=\"452\">Przekszta\u0142cenie katowickiego konserwatorium w g\u00f3rno\u015bl\u0105sk\u0105 Krajow\u0105 Szko\u0142\u0119 Muzyczn\u0105<\/td>\n<td width=\"72\">1942<\/td>\n<\/tr>\n<tr>\n<td width=\"72\">11<\/td>\n<td width=\"452\">&nbsp;<\/td>\n<td width=\"72\">&nbsp;<\/td>\n<\/tr>\n<tr>\n<td rowspan=\"2\" width=\"72\">12<\/td>\n<td width=\"452\">Zmar\u0142 ks. Franciszek Michejda<\/td>\n<td width=\"72\">1921<\/td>\n<\/tr>\n<tr>\n<td width=\"452\">Zaj\u0119cie Bielska-Bia\u0142ej przez wojska radzieckie<\/td>\n<td width=\"72\">1945<\/td>\n<\/tr>\n<tr>\n<td width=\"72\">13<\/td>\n<td width=\"452\">&nbsp;<\/td>\n<td width=\"72\">&nbsp;<\/td>\n<\/tr>\n<tr>\n<td width=\"72\">14<\/td>\n<td width=\"452\">&nbsp;<\/td>\n<td width=\"72\">&nbsp;<\/td>\n<\/tr>\n<tr>\n<td width=\"72\">15<\/td>\n<td width=\"452\">&nbsp;<\/td>\n<td width=\"72\">&nbsp;<\/td>\n<\/tr>\n<tr>\n<td width=\"72\">16<\/td>\n<td width=\"452\">&nbsp;<\/td>\n<td width=\"72\">&nbsp;<\/td>\n<\/tr>\n<tr>\n<td width=\"72\">17<\/td>\n<td width=\"452\">&nbsp;<\/td>\n<td width=\"72\">&nbsp;<\/td>\n<\/tr>\n<tr>\n<td width=\"72\">18<\/td>\n<td width=\"452\">&nbsp;<\/td>\n<td width=\"72\">&nbsp;<\/td>\n<\/tr>\n<tr>\n<td width=\"72\">19<\/td>\n<td width=\"452\">&nbsp;<\/td>\n<td width=\"72\">&nbsp;<\/td>\n<\/tr>\n<tr>\n<td width=\"72\">20<\/td>\n<td width=\"452\">&nbsp;<\/td>\n<td width=\"72\">&nbsp;<\/td>\n<\/tr>\n<tr>\n<td width=\"72\">21<\/td>\n<td width=\"452\">&nbsp;<\/td>\n<td width=\"72\">&nbsp;<\/td>\n<\/tr>\n<tr>\n<td width=\"72\">22<\/td>\n<td width=\"452\">&nbsp;<\/td>\n<td width=\"72\">&nbsp;<\/td>\n<\/tr>\n<tr>\n<td width=\"72\">23<\/td>\n<td width=\"452\">&nbsp;<\/td>\n<td width=\"72\">&nbsp;<\/td>\n<\/tr>\n<tr>\n<td width=\"72\">24<\/td>\n<td width=\"452\">&nbsp;<\/td>\n<td width=\"72\">&nbsp;<\/td>\n<\/tr>\n<tr>\n<td width=\"72\">25<\/td>\n<td width=\"452\">&nbsp;<\/td>\n<td width=\"72\">&nbsp;<\/td>\n<\/tr>\n<tr>\n<td width=\"72\">26<\/td>\n<td width=\"452\">&nbsp;<\/td>\n<td width=\"72\">&nbsp;<\/td>\n<\/tr>\n<tr>\n<td width=\"72\">27<\/td>\n<td width=\"452\">&nbsp;<\/td>\n<td width=\"72\">&nbsp;<\/td>\n<\/tr>\n<tr>\n<td rowspan=\"2\" width=\"72\">28<\/td>\n<td width=\"452\">Urodzi\u0142 si\u0119 Wac\u0142aw Chrzanowski<\/td>\n<td width=\"72\">1901<\/td>\n<\/tr>\n<tr>\n<td width=\"452\">Inauguracja dzia\u0142alno\u015bci Instytutu \u015al\u0105skiego<\/td>\n<td width=\"72\">1934<\/td>\n<\/tr>\n<tr>\n<td width=\"72\">29<\/td>\n<td width=\"452\">&nbsp;<\/td>\n<td width=\"72\">&nbsp;<\/td>\n<\/tr>\n<\/tbody>\n<\/table>\n","protected":false},"excerpt":{"rendered":"<p>Kalendarium prezentuje wybrane wydarzenia i b\u0119dzie sukcesywnie uzupe\u0142niane. &nbsp; Dzie\u0144 Wydarzenie Rok Powstanie ch\u0142opskie w 170 gminach powiat\u00f3w Pszczy\u0144skiego i Raciborskiego, st\u0142umione przez wojska pruskie 1811 W miejscu filii obozu koncentracyjnego w \u015awi\u0119toch\u0142owicach\u00a0 Auschwitz Urz\u0105d Bezpiecze\u0144stwa utworzy\u0142 ob\u00f3z &#8222;Zgoda&#8221; 1945 1 &nbsp; &nbsp; 2 Zmar\u0142 Bernard z Nysy 1490 Urodzi\u0142 si\u0119 ks. Jan Kapica 1866<\/p>\n<div class=\"read-more-wrapper\"><a class=\"read-more\" href=\"https:\/\/ibr.bs.katowice.pl\/?page_id=1949\" title=\"Read More\"> <span class=\"button \">Read More<\/span><\/a><\/div>\n","protected":false},"author":2,"featured_media":0,"parent":1943,"menu_order":0,"comment_status":"closed","ping_status":"closed","template":"","meta":{"footnotes":""},"class_list":["post-1949","page","type-page","status-publish","hentry"],"_links":{"self":[{"href":"https:\/\/ibr.bs.katowice.pl\/index.php?rest_route=\/wp\/v2\/pages\/1949","targetHints":{"allow":["GET"]}}],"collection":[{"href":"https:\/\/ibr.bs.katowice.pl\/index.php?rest_route=\/wp\/v2\/pages"}],"about":[{"href":"https:\/\/ibr.bs.katowice.pl\/index.php?rest_route=\/wp\/v2\/types\/page"}],"author":[{"embeddable":true,"href":"https:\/\/ibr.bs.katowice.pl\/index.php?rest_route=\/wp\/v2\/users\/2"}],"replies":[{"embeddable":true,"href":"https:\/\/ibr.bs.katowice.pl\/index.php?rest_route=%2Fwp%2Fv2%2Fcomments&post=1949"}],"version-history":[{"count":0,"href":"https:\/\/ibr.bs.katowice.pl\/index.php?rest_route=\/wp\/v2\/pages\/1949\/revisions"}],"up":[{"embeddable":true,"href":"https:\/\/ibr.bs.katowice.pl\/index.php?rest_route=\/wp\/v2\/pages\/1943"}],"wp:attachment":[{"href":"https:\/\/ibr.bs.katowice.pl\/index.php?rest_route=%2Fwp%2Fv2%2Fmedia&parent=1949"}],"curies":[{"name":"wp","href":"https:\/\/api.w.org\/{rel}","templated":true}]}}