{"id":1947,"date":"2017-06-19T11:36:34","date_gmt":"2017-06-19T11:36:34","guid":{"rendered":"http:\/\/ibr.bs.katowice.pl\/?page_id=1947"},"modified":"2017-06-20T12:12:13","modified_gmt":"2017-06-20T12:12:13","slug":"styczen","status":"publish","type":"page","link":"https:\/\/ibr.bs.katowice.pl\/?page_id=1947","title":{"rendered":"Stycze\u0144"},"content":{"rendered":"<p>Kalendarium prezentuje wybrane wydarzenia i b\u0119dzie sukcesywnie uzupe\u0142niane.<\/p>\n<p>&nbsp;<\/p>\n<table width=\"0\">\n<tbody>\n<tr>\n<td width=\"72\">Dzie\u0144<\/td>\n<td width=\"499\">Wydarzenie<\/td>\n<td width=\"72\">Rok<\/td>\n<\/tr>\n<tr>\n<td width=\"72\"><\/td>\n<td width=\"499\">Powsta\u0142 ch\u00f3r m\u0119ski Domu Kultury huty ,,Baildon&#8221;<\/td>\n<td width=\"72\">1930<\/td>\n<\/tr>\n<tr>\n<td width=\"72\"><\/td>\n<td width=\"499\">Powsta\u0142 ch\u00f3r mieszany ,,Wanda&#8221; w Piekarach\u00a0 \u015al\u0105skich<\/td>\n<td width=\"72\">1920<\/td>\n<\/tr>\n<tr>\n<td width=\"72\"><\/td>\n<td width=\"499\">Przez G\u00f3rny \u015al\u0105sk przechodz\u0105 Marsze \u015amierci<\/td>\n<td width=\"72\">1945<\/td>\n<\/tr>\n<tr>\n<td width=\"72\">1<\/td>\n<td width=\"499\">Ukaza\u0142 si\u0119 pierwszy numer ,,Go\u0144ca G\u00f3rno\u015bl\u0105skiego&#8221;<\/td>\n<td width=\"72\">1921<\/td>\n<\/tr>\n<tr>\n<td width=\"72\">2<\/td>\n<td width=\"499\"><\/td>\n<td width=\"72\"><\/td>\n<\/tr>\n<tr>\n<td width=\"72\">3<\/td>\n<td width=\"499\"><\/td>\n<td width=\"72\"><\/td>\n<\/tr>\n<tr>\n<td width=\"72\">4<\/td>\n<td width=\"499\">W Katowicach za\u0142o\u017cono niemieck\u0105 Pa\u0144stwow\u0105 Szko\u0142\u0119 G\u00f3rnicz\u0105<\/td>\n<td width=\"72\">1940<\/td>\n<\/tr>\n<tr>\n<td width=\"72\">5<\/td>\n<td width=\"499\">Urodzi\u0142 si\u0119 Wilhelm Szewczyk<\/td>\n<td width=\"72\">1916<\/td>\n<\/tr>\n<tr>\n<td width=\"72\">6<\/td>\n<td width=\"499\"><\/td>\n<td width=\"72\"><\/td>\n<\/tr>\n<tr>\n<td width=\"72\">7<\/td>\n<td width=\"499\"><\/td>\n<td width=\"72\"><\/td>\n<\/tr>\n<tr>\n<td width=\"72\">8<\/td>\n<td width=\"499\"><\/td>\n<td width=\"72\"><\/td>\n<\/tr>\n<tr>\n<td width=\"72\">9<\/td>\n<td width=\"499\"><\/td>\n<td width=\"72\"><\/td>\n<\/tr>\n<tr>\n<td width=\"72\">10<\/td>\n<td width=\"499\"><\/td>\n<td width=\"72\"><\/td>\n<\/tr>\n<tr>\n<td width=\"72\">11<\/td>\n<td width=\"499\"><\/td>\n<td width=\"72\"><\/td>\n<\/tr>\n<tr>\n<td width=\"72\">12<\/td>\n<td width=\"499\">Urodzi\u0142 si\u0119 Arkadiusz (Arka) Bo\u017cek<\/td>\n<td width=\"72\">1899<\/td>\n<\/tr>\n<tr>\n<td width=\"72\">13<\/td>\n<td width=\"499\"><\/td>\n<td width=\"72\"><\/td>\n<\/tr>\n<tr>\n<td width=\"72\">14<\/td>\n<td width=\"499\"><\/td>\n<td width=\"72\"><\/td>\n<\/tr>\n<tr>\n<td width=\"72\">15<\/td>\n<td width=\"499\"><\/td>\n<td width=\"72\"><\/td>\n<\/tr>\n<tr>\n<td width=\"72\">16<\/td>\n<td width=\"499\"><\/td>\n<td width=\"72\"><\/td>\n<\/tr>\n<tr>\n<td width=\"72\">17<\/td>\n<td width=\"499\">Ewakuacja obozu koncentracyjnego KL Auschwitz<\/td>\n<td width=\"72\">1945<\/td>\n<\/tr>\n<tr>\n<td rowspan=\"2\" width=\"72\">18<\/td>\n<td width=\"499\">Rozstrzelano ks. Ferdynanda Sznajdrowicza<\/td>\n<td width=\"72\">1940<\/td>\n<\/tr>\n<tr>\n<td width=\"499\">Ewakuacja obozu koncentracyjnego KL Auschwitz<\/td>\n<td width=\"72\">1945<\/td>\n<\/tr>\n<tr>\n<td rowspan=\"2\" width=\"72\">19<\/td>\n<td width=\"499\">Ewakuacja obozu koncentracyjnego KL Auschwitz<\/td>\n<td width=\"72\">1945<\/td>\n<\/tr>\n<tr>\n<td width=\"499\">Uruchomiono pierwsz\u0105 na G\u00f3rnym \u015al\u0105sku maszyn\u0119 parow\u0105 systemu Newcomena (w szybie &#8222;Kunst&#8221; w Tarnowskich G\u00f3rach)<\/td>\n<td width=\"72\">1788<\/td>\n<\/tr>\n<tr>\n<td width=\"72\">20<\/td>\n<td width=\"499\"><\/td>\n<td width=\"72\"><\/td>\n<\/tr>\n<tr>\n<td width=\"72\">21<\/td>\n<td width=\"499\"><\/td>\n<td width=\"72\"><\/td>\n<\/tr>\n<tr>\n<td width=\"72\">22<\/td>\n<td width=\"499\"><\/td>\n<td width=\"72\"><\/td>\n<\/tr>\n<tr>\n<td rowspan=\"2\" width=\"72\">23<\/td>\n<td width=\"499\">Powo\u0142anie Muzeum \u015al\u0105skiego w Katowicach<\/td>\n<td width=\"72\">1929<\/td>\n<\/tr>\n<tr>\n<td width=\"499\">Wyzwolenie Tarnowskich G\u00f3r, Toszka, Pyskowic, Namys\u0142owa i Ujazdu \u015al\u0105skiego<\/td>\n<td width=\"72\">1945<\/td>\n<\/tr>\n<tr>\n<td width=\"72\">24<\/td>\n<td width=\"499\">Wyzwolenie Gliwic, Zabrza i Opola<\/td>\n<td width=\"72\">1945<\/td>\n<\/tr>\n<tr>\n<td width=\"72\">25<\/td>\n<td width=\"499\"><\/td>\n<td width=\"72\"><\/td>\n<\/tr>\n<tr>\n<td width=\"72\">26<\/td>\n<td width=\"499\"><\/td>\n<td width=\"72\"><\/td>\n<\/tr>\n<tr>\n<td rowspan=\"2\" width=\"72\">27<\/td>\n<td width=\"499\">Wyzwolenie Katowic, Czeladzi, D\u0105browy G\u00f3rniczej, Mys\u0142owic, Rudy \u015al\u0105skich, Sosnowca, \u0141azisk G\u00f3rnych i Bytomia<\/td>\n<td width=\"72\">1945<\/td>\n<\/tr>\n<tr>\n<td width=\"499\">Wyzwolenie obozu koncentracyjnego Auschwitz-Birkenau<\/td>\n<td width=\"72\">1945<\/td>\n<\/tr>\n<tr>\n<td rowspan=\"3\" width=\"72\">28<\/td>\n<td width=\"499\">Urodzi\u0142 si\u0119 Kazimierz Marian Go\u0142ba<\/td>\n<td width=\"72\">1904<\/td>\n<\/tr>\n<tr>\n<td width=\"499\">Wyzwolenie Chorzowa, Miko\u0142owa, \u015awi\u0119toch\u0142owic, Bierunia Starego i Brzezin \u015al\u0105skich<\/td>\n<td width=\"72\">1945<\/td>\n<\/tr>\n<tr>\n<td width=\"499\">Gen. Aleksander Zawadzki, pe\u0142nomocnik Rz\u0105du Polskiego obj\u0105\u0142 w\u0142adz\u0119 na G\u00f3rnym \u015al\u0105sku<\/td>\n<td width=\"72\">1945<\/td>\n<\/tr>\n<tr>\n<td rowspan=\"2\" width=\"72\">29<\/td>\n<td width=\"499\">Wyzwolenie Tych<\/td>\n<td width=\"72\">1945<\/td>\n<\/tr>\n<tr>\n<td width=\"499\">W Katowicach rozpocz\u0105\u0142 urz\u0119dowanie pe\u0142ni\u0105cy obowi\u0105zki wojewody \u015bl\u0105skiego p\u0142k. Jerzy Zi\u0119tek<\/td>\n<td width=\"72\">1945<\/td>\n<\/tr>\n<tr>\n<td width=\"72\">30<\/td>\n<td width=\"499\"><\/td>\n<td width=\"72\"><\/td>\n<\/tr>\n<tr>\n<td width=\"72\">31<\/td>\n<td width=\"499\">Zmar\u0142 Alfons Zgrzebniok<\/td>\n<td width=\"72\">1938<\/td>\n<\/tr>\n<\/tbody>\n<\/table>\n","protected":false},"excerpt":{"rendered":"<p>Kalendarium prezentuje wybrane wydarzenia i b\u0119dzie sukcesywnie uzupe\u0142niane. &nbsp; Dzie\u0144 Wydarzenie Rok Powsta\u0142 ch\u00f3r m\u0119ski Domu Kultury huty ,,Baildon&#8221; 1930 Powsta\u0142 ch\u00f3r mieszany ,,Wanda&#8221; w Piekarach\u00a0 \u015al\u0105skich 1920 Przez G\u00f3rny \u015al\u0105sk przechodz\u0105 Marsze \u015amierci 1945 1 Ukaza\u0142 si\u0119 pierwszy numer ,,Go\u0144ca G\u00f3rno\u015bl\u0105skiego&#8221; 1921 2 3 4 W Katowicach za\u0142o\u017cono niemieck\u0105 Pa\u0144stwow\u0105 Szko\u0142\u0119 G\u00f3rnicz\u0105 1940 5<\/p>\n<div class=\"read-more-wrapper\"><a class=\"read-more\" href=\"https:\/\/ibr.bs.katowice.pl\/?page_id=1947\" title=\"Read More\"> <span class=\"button \">Read More<\/span><\/a><\/div>\n","protected":false},"author":2,"featured_media":0,"parent":1943,"menu_order":0,"comment_status":"closed","ping_status":"closed","template":"","meta":{"footnotes":""},"class_list":["post-1947","page","type-page","status-publish","hentry"],"_links":{"self":[{"href":"https:\/\/ibr.bs.katowice.pl\/index.php?rest_route=\/wp\/v2\/pages\/1947","targetHints":{"allow":["GET"]}}],"collection":[{"href":"https:\/\/ibr.bs.katowice.pl\/index.php?rest_route=\/wp\/v2\/pages"}],"about":[{"href":"https:\/\/ibr.bs.katowice.pl\/index.php?rest_route=\/wp\/v2\/types\/page"}],"author":[{"embeddable":true,"href":"https:\/\/ibr.bs.katowice.pl\/index.php?rest_route=\/wp\/v2\/users\/2"}],"replies":[{"embeddable":true,"href":"https:\/\/ibr.bs.katowice.pl\/index.php?rest_route=%2Fwp%2Fv2%2Fcomments&post=1947"}],"version-history":[{"count":0,"href":"https:\/\/ibr.bs.katowice.pl\/index.php?rest_route=\/wp\/v2\/pages\/1947\/revisions"}],"up":[{"embeddable":true,"href":"https:\/\/ibr.bs.katowice.pl\/index.php?rest_route=\/wp\/v2\/pages\/1943"}],"wp:attachment":[{"href":"https:\/\/ibr.bs.katowice.pl\/index.php?rest_route=%2Fwp%2Fv2%2Fmedia&parent=1947"}],"curies":[{"name":"wp","href":"https:\/\/api.w.org\/{rel}","templated":true}]}}